{"id":4922,"date":"2024-11-28T00:44:50","date_gmt":"2024-11-27T23:44:50","guid":{"rendered":"https:\/\/enterozoo.si\/izdelek\/pacchetto-allevatori-piccolo\/"},"modified":"2025-12-01T00:05:53","modified_gmt":"2025-11-30T23:05:53","slug":"mali-paket-rejci","status":"publish","type":"product","link":"https:\/\/enterozoo.si\/it\/izdelek\/mali-paket-rejci\/","title":{"rendered":"Pacchetto ALLEVATORI &#8211; Piccolo"},"content":{"rendered":"<p>Il pacchetto Allevatori Piccolo \u00e8 una scelta utile per chi ha un gran numero di animali in casa o per chi ha spesso problemi digestivi negli animali domestici. EnteroZoo blocca in modo rapido, efficace e sicuro la diarrea e il vomito e aiuta le ferite superficiali a guarire pi\u00f9 velocemente.<\/p>\n<p>EnteroZOO \u00e8 un innovativo adsorbente gastrointestinale (enterosorbente) di nuova generazione a base di silicio naturale. \u00c8 composto da soli due ingredienti: 60% polimetilsilossano poliidrato e 40% acqua purificata, quindi \u00e8 adatto anche agli animali pi\u00f9 sensibili. Le molecole di EnteroZOO hanno una speciale struttura porosa che pu\u00f2 essere descritta come una \u201c\u201dspugna intelligente\u201d\u201d, che, grazie alla sua dimensione dei pori, consente l\u2019adsorbimento selettivo (legame) di sostanze nocive sulla sua superficie. Lega batteri patogeni, tossine, rotavirus e li rimuove dal corpo. EnteroZOO non influisce sull\u2019assorbimento di nutrienti o vitamine, calcio o altri nutrienti. Non lega l\u2019acqua, quindi non provoca stitichezza. Inoltre, EnteroZOO non viene assorbito nella circolazione sistemica, ma viene completamente espulso dal corpo. Pertanto, \u00e8 un prodotto completamente sicuro e pu\u00f2 essere somministrato anche a cuccioli e animali in gravidanza.<\/p>\n<p>Dosaggio generale: 1 cucchiaino\u00a0 = \u00bd bustina (5 ml) = 5 g, 1 cucchiaino colmo = 1 bustina (10 ml) = 10 g, 1 cucchiaio = 1 \u00bd bustina (15 ml) = 15 g<\/p>\n","protected":false},"excerpt":{"rendered":"<p>La confezione contiene:<\/p>\n<ul>\n<li>5x tubo (5x 100g)<\/li>\n<li>1x Bustine EnteroZOO (150g)<\/li>\n<\/ul>\n","protected":false},"featured_media":4745,"comment_status":"open","ping_status":"closed","template":"","meta":{"inline_featured_image":false},"product_brand":[],"product_cat":[63],"product_tag":[],"class_list":{"0":"post-4922","1":"product","2":"type-product","3":"status-publish","4":"has-post-thumbnail","6":"product_cat-paket-it","8":"first","9":"instock","10":"sale","11":"shipping-taxable","12":"purchasable","13":"product-type-simple"},"yoast_head":"<!-- This site is optimized with the Yoast SEO plugin v26.1.1 - https:\/\/yoast.com\/wordpress\/plugins\/seo\/ -->\n<title>Pacchetto ALLEVATORI - Piccolo | Enterozoo<\/title>\n<meta name=\"robots\" content=\"index, follow, max-snippet:-1, max-image-preview:large, max-video-preview:-1\" \/>\n<link rel=\"canonical\" href=\"https:\/\/enterozoo.si\/it\/izdelek\/mali-paket-rejci\/\" \/>\n<meta property=\"og:locale\" content=\"it_IT\" \/>\n<meta property=\"og:type\" content=\"article\" \/>\n<meta property=\"og:title\" content=\"Pacchetto ALLEVATORI - Piccolo | Enterozoo\" \/>\n<meta property=\"og:description\" content=\"La confezione contiene:   5x tubo (5x 100g)  1x Bustine EnteroZOO (150g)\" \/>\n<meta property=\"og:url\" content=\"https:\/\/enterozoo.si\/it\/izdelek\/mali-paket-rejci\/\" \/>\n<meta property=\"og:site_name\" content=\"Enterozoo\" \/>\n<meta property=\"article:publisher\" content=\"https:\/\/www.facebook.com\/EnterozooSlovenija\/\" \/>\n<meta property=\"article:modified_time\" content=\"2025-11-30T23:05:53+00:00\" \/>\n<meta property=\"og:image\" content=\"https:\/\/enterozoo.si\/wp-content\/uploads\/2024\/03\/Mali-paket-rejci.png\" \/>\n\t<meta property=\"og:image:width\" content=\"1200\" \/>\n\t<meta property=\"og:image:height\" content=\"1200\" \/>\n\t<meta property=\"og:image:type\" content=\"image\/png\" \/>\n<meta name=\"twitter:card\" content=\"summary_large_image\" \/>\n<meta name=\"twitter:label1\" content=\"Tempo di lettura stimato\" \/>\n\t<meta name=\"twitter:data1\" content=\"2 minuti\" \/>\n<script type=\"application\/ld+json\" class=\"yoast-schema-graph\">{\"@context\":\"https:\/\/schema.org\",\"@graph\":[{\"@type\":\"WebPage\",\"@id\":\"https:\/\/enterozoo.si\/it\/izdelek\/mali-paket-rejci\/\",\"url\":\"https:\/\/enterozoo.si\/it\/izdelek\/mali-paket-rejci\/\",\"name\":\"Pacchetto ALLEVATORI - Piccolo | Enterozoo\",\"isPartOf\":{\"@id\":\"https:\/\/enterozoo.si\/it\/#website\"},\"primaryImageOfPage\":{\"@id\":\"https:\/\/enterozoo.si\/it\/izdelek\/mali-paket-rejci\/#primaryimage\"},\"image\":{\"@id\":\"https:\/\/enterozoo.si\/it\/izdelek\/mali-paket-rejci\/#primaryimage\"},\"thumbnailUrl\":\"https:\/\/enterozoo.si\/wp-content\/uploads\/2024\/03\/Mali-paket-rejci.png\",\"datePublished\":\"2024-11-27T23:44:50+00:00\",\"dateModified\":\"2025-11-30T23:05:53+00:00\",\"breadcrumb\":{\"@id\":\"https:\/\/enterozoo.si\/it\/izdelek\/mali-paket-rejci\/#breadcrumb\"},\"inLanguage\":\"it-IT\",\"potentialAction\":[{\"@type\":\"ReadAction\",\"target\":[\"https:\/\/enterozoo.si\/it\/izdelek\/mali-paket-rejci\/\"]}]},{\"@type\":\"ImageObject\",\"inLanguage\":\"it-IT\",\"@id\":\"https:\/\/enterozoo.si\/it\/izdelek\/mali-paket-rejci\/#primaryimage\",\"url\":\"https:\/\/enterozoo.si\/wp-content\/uploads\/2024\/03\/Mali-paket-rejci.png\",\"contentUrl\":\"https:\/\/enterozoo.si\/wp-content\/uploads\/2024\/03\/Mali-paket-rejci.png\",\"width\":1200,\"height\":1200},{\"@type\":\"BreadcrumbList\",\"@id\":\"https:\/\/enterozoo.si\/it\/izdelek\/mali-paket-rejci\/#breadcrumb\",\"itemListElement\":[{\"@type\":\"ListItem\",\"position\":1,\"name\":\"Home\",\"item\":\"https:\/\/enterozoo.si\/it\/\"},{\"@type\":\"ListItem\",\"position\":2,\"name\":\"Negozio\",\"item\":\"https:\/\/enterozoo.si\/it\/negozio\/\"},{\"@type\":\"ListItem\",\"position\":3,\"name\":\"Pacchetto ALLEVATORI &#8211; Piccolo\"}]},{\"@type\":\"WebSite\",\"@id\":\"https:\/\/enterozoo.si\/it\/#website\",\"url\":\"https:\/\/enterozoo.si\/it\/\",\"name\":\"Enterozoo\",\"description\":\"\",\"publisher\":{\"@id\":\"https:\/\/enterozoo.si\/it\/#organization\"},\"potentialAction\":[{\"@type\":\"SearchAction\",\"target\":{\"@type\":\"EntryPoint\",\"urlTemplate\":\"https:\/\/enterozoo.si\/it\/?s={search_term_string}\"},\"query-input\":{\"@type\":\"PropertyValueSpecification\",\"valueRequired\":true,\"valueName\":\"search_term_string\"}}],\"inLanguage\":\"it-IT\"},{\"@type\":\"Organization\",\"@id\":\"https:\/\/enterozoo.si\/it\/#organization\",\"name\":\"Enterozoo\",\"alternateName\":\"Enterozoo\",\"url\":\"https:\/\/enterozoo.si\/it\/\",\"logo\":{\"@type\":\"ImageObject\",\"inLanguage\":\"it-IT\",\"@id\":\"https:\/\/enterozoo.si\/it\/#\/schema\/logo\/image\/\",\"url\":\"https:\/\/enterozoo.si\/wp-content\/uploads\/2023\/03\/Group.svg\",\"contentUrl\":\"https:\/\/enterozoo.si\/wp-content\/uploads\/2023\/03\/Group.svg\",\"width\":248,\"height\":100,\"caption\":\"Enterozoo\"},\"image\":{\"@id\":\"https:\/\/enterozoo.si\/it\/#\/schema\/logo\/image\/\"},\"sameAs\":[\"https:\/\/www.facebook.com\/EnterozooSlovenija\/\"]}]}<\/script>\n<!-- \/ Yoast SEO plugin. -->","yoast_head_json":{"title":"Pacchetto ALLEVATORI - Piccolo | Enterozoo","robots":{"index":"index","follow":"follow","max-snippet":"max-snippet:-1","max-image-preview":"max-image-preview:large","max-video-preview":"max-video-preview:-1"},"canonical":"https:\/\/enterozoo.si\/it\/izdelek\/mali-paket-rejci\/","og_locale":"it_IT","og_type":"article","og_title":"Pacchetto ALLEVATORI - Piccolo | Enterozoo","og_description":"La confezione contiene:   5x tubo (5x 100g)  1x Bustine EnteroZOO (150g)","og_url":"https:\/\/enterozoo.si\/it\/izdelek\/mali-paket-rejci\/","og_site_name":"Enterozoo","article_publisher":"https:\/\/www.facebook.com\/EnterozooSlovenija\/","article_modified_time":"2025-11-30T23:05:53+00:00","og_image":[{"width":1200,"height":1200,"url":"https:\/\/enterozoo.si\/wp-content\/uploads\/2024\/03\/Mali-paket-rejci.png","type":"image\/png"}],"twitter_card":"summary_large_image","twitter_misc":{"Tempo di lettura stimato":"2 minuti"},"schema":{"@context":"https:\/\/schema.org","@graph":[{"@type":"WebPage","@id":"https:\/\/enterozoo.si\/it\/izdelek\/mali-paket-rejci\/","url":"https:\/\/enterozoo.si\/it\/izdelek\/mali-paket-rejci\/","name":"Pacchetto ALLEVATORI - Piccolo | Enterozoo","isPartOf":{"@id":"https:\/\/enterozoo.si\/it\/#website"},"primaryImageOfPage":{"@id":"https:\/\/enterozoo.si\/it\/izdelek\/mali-paket-rejci\/#primaryimage"},"image":{"@id":"https:\/\/enterozoo.si\/it\/izdelek\/mali-paket-rejci\/#primaryimage"},"thumbnailUrl":"https:\/\/enterozoo.si\/wp-content\/uploads\/2024\/03\/Mali-paket-rejci.png","datePublished":"2024-11-27T23:44:50+00:00","dateModified":"2025-11-30T23:05:53+00:00","breadcrumb":{"@id":"https:\/\/enterozoo.si\/it\/izdelek\/mali-paket-rejci\/#breadcrumb"},"inLanguage":"it-IT","potentialAction":[{"@type":"ReadAction","target":["https:\/\/enterozoo.si\/it\/izdelek\/mali-paket-rejci\/"]}]},{"@type":"ImageObject","inLanguage":"it-IT","@id":"https:\/\/enterozoo.si\/it\/izdelek\/mali-paket-rejci\/#primaryimage","url":"https:\/\/enterozoo.si\/wp-content\/uploads\/2024\/03\/Mali-paket-rejci.png","contentUrl":"https:\/\/enterozoo.si\/wp-content\/uploads\/2024\/03\/Mali-paket-rejci.png","width":1200,"height":1200},{"@type":"BreadcrumbList","@id":"https:\/\/enterozoo.si\/it\/izdelek\/mali-paket-rejci\/#breadcrumb","itemListElement":[{"@type":"ListItem","position":1,"name":"Home","item":"https:\/\/enterozoo.si\/it\/"},{"@type":"ListItem","position":2,"name":"Negozio","item":"https:\/\/enterozoo.si\/it\/negozio\/"},{"@type":"ListItem","position":3,"name":"Pacchetto ALLEVATORI &#8211; Piccolo"}]},{"@type":"WebSite","@id":"https:\/\/enterozoo.si\/it\/#website","url":"https:\/\/enterozoo.si\/it\/","name":"Enterozoo","description":"","publisher":{"@id":"https:\/\/enterozoo.si\/it\/#organization"},"potentialAction":[{"@type":"SearchAction","target":{"@type":"EntryPoint","urlTemplate":"https:\/\/enterozoo.si\/it\/?s={search_term_string}"},"query-input":{"@type":"PropertyValueSpecification","valueRequired":true,"valueName":"search_term_string"}}],"inLanguage":"it-IT"},{"@type":"Organization","@id":"https:\/\/enterozoo.si\/it\/#organization","name":"Enterozoo","alternateName":"Enterozoo","url":"https:\/\/enterozoo.si\/it\/","logo":{"@type":"ImageObject","inLanguage":"it-IT","@id":"https:\/\/enterozoo.si\/it\/#\/schema\/logo\/image\/","url":"https:\/\/enterozoo.si\/wp-content\/uploads\/2023\/03\/Group.svg","contentUrl":"https:\/\/enterozoo.si\/wp-content\/uploads\/2023\/03\/Group.svg","width":248,"height":100,"caption":"Enterozoo"},"image":{"@id":"https:\/\/enterozoo.si\/it\/#\/schema\/logo\/image\/"},"sameAs":["https:\/\/www.facebook.com\/EnterozooSlovenija\/"]}]}},"_links":{"self":[{"href":"https:\/\/enterozoo.si\/it\/wp-json\/wp\/v2\/product\/4922","targetHints":{"allow":["GET"]}}],"collection":[{"href":"https:\/\/enterozoo.si\/it\/wp-json\/wp\/v2\/product"}],"about":[{"href":"https:\/\/enterozoo.si\/it\/wp-json\/wp\/v2\/types\/product"}],"replies":[{"embeddable":true,"href":"https:\/\/enterozoo.si\/it\/wp-json\/wp\/v2\/comments?post=4922"}],"wp:featuredmedia":[{"embeddable":true,"href":"https:\/\/enterozoo.si\/it\/wp-json\/wp\/v2\/media\/4745"}],"wp:attachment":[{"href":"https:\/\/enterozoo.si\/it\/wp-json\/wp\/v2\/media?parent=4922"}],"wp:term":[{"taxonomy":"product_brand","embeddable":true,"href":"https:\/\/enterozoo.si\/it\/wp-json\/wp\/v2\/product_brand?post=4922"},{"taxonomy":"product_cat","embeddable":true,"href":"https:\/\/enterozoo.si\/it\/wp-json\/wp\/v2\/product_cat?post=4922"},{"taxonomy":"product_tag","embeddable":true,"href":"https:\/\/enterozoo.si\/it\/wp-json\/wp\/v2\/product_tag?post=4922"}],"curies":[{"name":"wp","href":"https:\/\/api.w.org\/{rel}","templated":true}]}}