{"id":4917,"date":"2023-12-20T13:35:35","date_gmt":"2023-12-20T12:35:35","guid":{"rendered":"https:\/\/enterozoo.si\/izdelek\/nuovo-enterozoo-doypack-500-ml\/"},"modified":"2026-04-08T04:09:49","modified_gmt":"2026-04-08T02:09:49","slug":"novo-enterozoo-doypack-500-ml","status":"publish","type":"product","link":"https:\/\/enterozoo.si\/it\/izdelek\/novo-enterozoo-doypack-500-ml\/","title":{"rendered":"NUOVO: EnteroZOO Doypack 500 ml"},"content":{"rendered":"<p>Basta mescolare un cucchiaio del prodotto in acqua o cibo. In casi problematici, la miscela viene dosata con una siringa di plastica direttamente nella cavit\u00e0 orale dell\u2019animale. EnteroZOO viene somministrato 3 volte al giorno. Dosaggio generale: 1 cucchiaino = = \u00bd bustina (5 ml) = 5 g, 1 cucchiaino colmo = 1 bustina (10 ml) = 10 g, 1 cucchiaio = 1 \u00bd bustina (15 ml) = 15 g<\/p>\n","protected":false},"excerpt":{"rendered":"<p>Il NUOVO Doypack ha sostituito la confezione in barattolo. Il Doypack ha <strong>50 ml di gel in pi\u00f9<\/strong> ed elimina i problemi di essiccazione del gel che possono verificarsi con la coppetta. La confezione consente un facile utilizzo spremendo il contenuto dalla busta e una perfetta chiusura avvitando il tappo. La confezione \u00e8 adatta agli <strong>animali pi\u00f9 grandi<\/strong> (oltre 30 kg) e a quelli che utilizzano regolarmente EnteroZOO per problemi cronici. \u00c8 eccellente anche per l&#8217;uso su <strong> bestiame e altri animali da pratica di grandi dimensioni<\/strong> (cavalli, capre, pecore, maiali, bovini).<\/p>\n","protected":false},"featured_media":4281,"comment_status":"open","ping_status":"closed","template":"","meta":{"inline_featured_image":false},"product_brand":[],"product_cat":[81],"product_tag":[],"class_list":{"0":"post-4917","1":"product","2":"type-product","3":"status-publish","4":"has-post-thumbnail","6":"product_cat-senza-categoria","8":"first","9":"instock","10":"shipping-taxable","11":"purchasable","12":"product-type-simple"},"yoast_head":"<!-- This site is optimized with the Yoast SEO plugin v26.1.1 - https:\/\/yoast.com\/wordpress\/plugins\/seo\/ -->\n<title>NUOVO: EnteroZOO Doypack 500 ml | Enterozoo<\/title>\n<meta name=\"robots\" content=\"index, follow, max-snippet:-1, max-image-preview:large, max-video-preview:-1\" \/>\n<link rel=\"canonical\" href=\"https:\/\/enterozoo.si\/it\/izdelek\/novo-enterozoo-doypack-500-ml\/\" \/>\n<meta property=\"og:locale\" content=\"it_IT\" \/>\n<meta property=\"og:type\" content=\"article\" \/>\n<meta property=\"og:title\" content=\"NUOVO: EnteroZOO Doypack 500 ml | Enterozoo\" \/>\n<meta property=\"og:description\" content=\"Il NUOVO Doypack ha sostituito la confezione in barattolo. Il Doypack ha 50 ml di gel in pi\u00f9 ed elimina i problemi di essiccazione del gel che possono verificarsi con la coppetta. La confezione consente un facile utilizzo spremendo il contenuto dalla busta e una perfetta chiusura avvitando il tappo. La confezione \u00e8 adatta agli animali pi\u00f9 grandi (oltre 30 kg) e a quelli che utilizzano regolarmente EnteroZOO per problemi cronici. \u00c8 eccellente anche per l&#039;uso su bestiame e altri animali da pratica di grandi dimensioni (cavalli, capre, pecore, maiali, bovini).\" \/>\n<meta property=\"og:url\" content=\"https:\/\/enterozoo.si\/it\/izdelek\/novo-enterozoo-doypack-500-ml\/\" \/>\n<meta property=\"og:site_name\" content=\"Enterozoo\" \/>\n<meta property=\"article:publisher\" content=\"https:\/\/www.facebook.com\/EnterozooSlovenija\/\" \/>\n<meta property=\"article:modified_time\" content=\"2026-04-08T02:09:49+00:00\" \/>\n<meta property=\"og:image\" content=\"https:\/\/enterozoo.si\/wp-content\/uploads\/2023\/12\/Untitled-design.png\" \/>\n\t<meta property=\"og:image:width\" content=\"500\" \/>\n\t<meta property=\"og:image:height\" content=\"500\" \/>\n\t<meta property=\"og:image:type\" content=\"image\/png\" \/>\n<meta name=\"twitter:card\" content=\"summary_large_image\" \/>\n<meta name=\"twitter:label1\" content=\"Tempo di lettura stimato\" \/>\n\t<meta name=\"twitter:data1\" content=\"1 minuto\" \/>\n<script type=\"application\/ld+json\" class=\"yoast-schema-graph\">{\"@context\":\"https:\/\/schema.org\",\"@graph\":[{\"@type\":\"WebPage\",\"@id\":\"https:\/\/enterozoo.si\/it\/izdelek\/novo-enterozoo-doypack-500-ml\/\",\"url\":\"https:\/\/enterozoo.si\/it\/izdelek\/novo-enterozoo-doypack-500-ml\/\",\"name\":\"NUOVO: EnteroZOO Doypack 500 ml | Enterozoo\",\"isPartOf\":{\"@id\":\"https:\/\/enterozoo.si\/it\/#website\"},\"primaryImageOfPage\":{\"@id\":\"https:\/\/enterozoo.si\/it\/izdelek\/novo-enterozoo-doypack-500-ml\/#primaryimage\"},\"image\":{\"@id\":\"https:\/\/enterozoo.si\/it\/izdelek\/novo-enterozoo-doypack-500-ml\/#primaryimage\"},\"thumbnailUrl\":\"https:\/\/enterozoo.si\/wp-content\/uploads\/2023\/12\/Untitled-design.png\",\"datePublished\":\"2023-12-20T12:35:35+00:00\",\"dateModified\":\"2026-04-08T02:09:49+00:00\",\"breadcrumb\":{\"@id\":\"https:\/\/enterozoo.si\/it\/izdelek\/novo-enterozoo-doypack-500-ml\/#breadcrumb\"},\"inLanguage\":\"it-IT\",\"potentialAction\":[{\"@type\":\"ReadAction\",\"target\":[\"https:\/\/enterozoo.si\/it\/izdelek\/novo-enterozoo-doypack-500-ml\/\"]}]},{\"@type\":\"ImageObject\",\"inLanguage\":\"it-IT\",\"@id\":\"https:\/\/enterozoo.si\/it\/izdelek\/novo-enterozoo-doypack-500-ml\/#primaryimage\",\"url\":\"https:\/\/enterozoo.si\/wp-content\/uploads\/2023\/12\/Untitled-design.png\",\"contentUrl\":\"https:\/\/enterozoo.si\/wp-content\/uploads\/2023\/12\/Untitled-design.png\",\"width\":500,\"height\":500},{\"@type\":\"BreadcrumbList\",\"@id\":\"https:\/\/enterozoo.si\/it\/izdelek\/novo-enterozoo-doypack-500-ml\/#breadcrumb\",\"itemListElement\":[{\"@type\":\"ListItem\",\"position\":1,\"name\":\"Home\",\"item\":\"https:\/\/enterozoo.si\/it\/\"},{\"@type\":\"ListItem\",\"position\":2,\"name\":\"Negozio\",\"item\":\"https:\/\/enterozoo.si\/it\/negozio\/\"},{\"@type\":\"ListItem\",\"position\":3,\"name\":\"NUOVO: EnteroZOO Doypack 500 ml\"}]},{\"@type\":\"WebSite\",\"@id\":\"https:\/\/enterozoo.si\/it\/#website\",\"url\":\"https:\/\/enterozoo.si\/it\/\",\"name\":\"Enterozoo\",\"description\":\"\",\"publisher\":{\"@id\":\"https:\/\/enterozoo.si\/it\/#organization\"},\"potentialAction\":[{\"@type\":\"SearchAction\",\"target\":{\"@type\":\"EntryPoint\",\"urlTemplate\":\"https:\/\/enterozoo.si\/it\/?s={search_term_string}\"},\"query-input\":{\"@type\":\"PropertyValueSpecification\",\"valueRequired\":true,\"valueName\":\"search_term_string\"}}],\"inLanguage\":\"it-IT\"},{\"@type\":\"Organization\",\"@id\":\"https:\/\/enterozoo.si\/it\/#organization\",\"name\":\"Enterozoo\",\"alternateName\":\"Enterozoo\",\"url\":\"https:\/\/enterozoo.si\/it\/\",\"logo\":{\"@type\":\"ImageObject\",\"inLanguage\":\"it-IT\",\"@id\":\"https:\/\/enterozoo.si\/it\/#\/schema\/logo\/image\/\",\"url\":\"https:\/\/enterozoo.si\/wp-content\/uploads\/2023\/03\/Group.svg\",\"contentUrl\":\"https:\/\/enterozoo.si\/wp-content\/uploads\/2023\/03\/Group.svg\",\"width\":248,\"height\":100,\"caption\":\"Enterozoo\"},\"image\":{\"@id\":\"https:\/\/enterozoo.si\/it\/#\/schema\/logo\/image\/\"},\"sameAs\":[\"https:\/\/www.facebook.com\/EnterozooSlovenija\/\"]}]}<\/script>\n<!-- \/ Yoast SEO plugin. -->","yoast_head_json":{"title":"NUOVO: EnteroZOO Doypack 500 ml | Enterozoo","robots":{"index":"index","follow":"follow","max-snippet":"max-snippet:-1","max-image-preview":"max-image-preview:large","max-video-preview":"max-video-preview:-1"},"canonical":"https:\/\/enterozoo.si\/it\/izdelek\/novo-enterozoo-doypack-500-ml\/","og_locale":"it_IT","og_type":"article","og_title":"NUOVO: EnteroZOO Doypack 500 ml | Enterozoo","og_description":"Il NUOVO Doypack ha sostituito la confezione in barattolo. Il Doypack ha 50 ml di gel in pi\u00f9 ed elimina i problemi di essiccazione del gel che possono verificarsi con la coppetta. La confezione consente un facile utilizzo spremendo il contenuto dalla busta e una perfetta chiusura avvitando il tappo. La confezione \u00e8 adatta agli animali pi\u00f9 grandi (oltre 30 kg) e a quelli che utilizzano regolarmente EnteroZOO per problemi cronici. \u00c8 eccellente anche per l'uso su bestiame e altri animali da pratica di grandi dimensioni (cavalli, capre, pecore, maiali, bovini).","og_url":"https:\/\/enterozoo.si\/it\/izdelek\/novo-enterozoo-doypack-500-ml\/","og_site_name":"Enterozoo","article_publisher":"https:\/\/www.facebook.com\/EnterozooSlovenija\/","article_modified_time":"2026-04-08T02:09:49+00:00","og_image":[{"width":500,"height":500,"url":"https:\/\/enterozoo.si\/wp-content\/uploads\/2023\/12\/Untitled-design.png","type":"image\/png"}],"twitter_card":"summary_large_image","twitter_misc":{"Tempo di lettura stimato":"1 minuto"},"schema":{"@context":"https:\/\/schema.org","@graph":[{"@type":"WebPage","@id":"https:\/\/enterozoo.si\/it\/izdelek\/novo-enterozoo-doypack-500-ml\/","url":"https:\/\/enterozoo.si\/it\/izdelek\/novo-enterozoo-doypack-500-ml\/","name":"NUOVO: EnteroZOO Doypack 500 ml | Enterozoo","isPartOf":{"@id":"https:\/\/enterozoo.si\/it\/#website"},"primaryImageOfPage":{"@id":"https:\/\/enterozoo.si\/it\/izdelek\/novo-enterozoo-doypack-500-ml\/#primaryimage"},"image":{"@id":"https:\/\/enterozoo.si\/it\/izdelek\/novo-enterozoo-doypack-500-ml\/#primaryimage"},"thumbnailUrl":"https:\/\/enterozoo.si\/wp-content\/uploads\/2023\/12\/Untitled-design.png","datePublished":"2023-12-20T12:35:35+00:00","dateModified":"2026-04-08T02:09:49+00:00","breadcrumb":{"@id":"https:\/\/enterozoo.si\/it\/izdelek\/novo-enterozoo-doypack-500-ml\/#breadcrumb"},"inLanguage":"it-IT","potentialAction":[{"@type":"ReadAction","target":["https:\/\/enterozoo.si\/it\/izdelek\/novo-enterozoo-doypack-500-ml\/"]}]},{"@type":"ImageObject","inLanguage":"it-IT","@id":"https:\/\/enterozoo.si\/it\/izdelek\/novo-enterozoo-doypack-500-ml\/#primaryimage","url":"https:\/\/enterozoo.si\/wp-content\/uploads\/2023\/12\/Untitled-design.png","contentUrl":"https:\/\/enterozoo.si\/wp-content\/uploads\/2023\/12\/Untitled-design.png","width":500,"height":500},{"@type":"BreadcrumbList","@id":"https:\/\/enterozoo.si\/it\/izdelek\/novo-enterozoo-doypack-500-ml\/#breadcrumb","itemListElement":[{"@type":"ListItem","position":1,"name":"Home","item":"https:\/\/enterozoo.si\/it\/"},{"@type":"ListItem","position":2,"name":"Negozio","item":"https:\/\/enterozoo.si\/it\/negozio\/"},{"@type":"ListItem","position":3,"name":"NUOVO: EnteroZOO Doypack 500 ml"}]},{"@type":"WebSite","@id":"https:\/\/enterozoo.si\/it\/#website","url":"https:\/\/enterozoo.si\/it\/","name":"Enterozoo","description":"","publisher":{"@id":"https:\/\/enterozoo.si\/it\/#organization"},"potentialAction":[{"@type":"SearchAction","target":{"@type":"EntryPoint","urlTemplate":"https:\/\/enterozoo.si\/it\/?s={search_term_string}"},"query-input":{"@type":"PropertyValueSpecification","valueRequired":true,"valueName":"search_term_string"}}],"inLanguage":"it-IT"},{"@type":"Organization","@id":"https:\/\/enterozoo.si\/it\/#organization","name":"Enterozoo","alternateName":"Enterozoo","url":"https:\/\/enterozoo.si\/it\/","logo":{"@type":"ImageObject","inLanguage":"it-IT","@id":"https:\/\/enterozoo.si\/it\/#\/schema\/logo\/image\/","url":"https:\/\/enterozoo.si\/wp-content\/uploads\/2023\/03\/Group.svg","contentUrl":"https:\/\/enterozoo.si\/wp-content\/uploads\/2023\/03\/Group.svg","width":248,"height":100,"caption":"Enterozoo"},"image":{"@id":"https:\/\/enterozoo.si\/it\/#\/schema\/logo\/image\/"},"sameAs":["https:\/\/www.facebook.com\/EnterozooSlovenija\/"]}]}},"_links":{"self":[{"href":"https:\/\/enterozoo.si\/it\/wp-json\/wp\/v2\/product\/4917","targetHints":{"allow":["GET"]}}],"collection":[{"href":"https:\/\/enterozoo.si\/it\/wp-json\/wp\/v2\/product"}],"about":[{"href":"https:\/\/enterozoo.si\/it\/wp-json\/wp\/v2\/types\/product"}],"replies":[{"embeddable":true,"href":"https:\/\/enterozoo.si\/it\/wp-json\/wp\/v2\/comments?post=4917"}],"wp:featuredmedia":[{"embeddable":true,"href":"https:\/\/enterozoo.si\/it\/wp-json\/wp\/v2\/media\/4281"}],"wp:attachment":[{"href":"https:\/\/enterozoo.si\/it\/wp-json\/wp\/v2\/media?parent=4917"}],"wp:term":[{"taxonomy":"product_brand","embeddable":true,"href":"https:\/\/enterozoo.si\/it\/wp-json\/wp\/v2\/product_brand?post=4917"},{"taxonomy":"product_cat","embeddable":true,"href":"https:\/\/enterozoo.si\/it\/wp-json\/wp\/v2\/product_cat?post=4917"},{"taxonomy":"product_tag","embeddable":true,"href":"https:\/\/enterozoo.si\/it\/wp-json\/wp\/v2\/product_tag?post=4917"}],"curies":[{"name":"wp","href":"https:\/\/api.w.org\/{rel}","templated":true}]}}