{"id":2356,"date":"2023-03-21T19:27:02","date_gmt":"2023-03-21T18:27:02","guid":{"rendered":"https:\/\/enterozoo.si\/politika-zasebnosti\/"},"modified":"2023-07-17T13:50:27","modified_gmt":"2023-07-17T11:50:27","slug":"politica-sulla-riservatezza","status":"publish","type":"page","link":"https:\/\/enterozoo.si\/it\/politica-sulla-riservatezza\/","title":{"rendered":"Politica sulla riservatezza"},"content":{"rendered":"\n<h1 class=\"wp-block-heading\"><\/h1>\n\n\n\n<p><br><strong>Generale<\/strong><\/p>\n\n\n\n<p>Il commerciante si impegna a proteggere la riservatezza dei dati personali e la privacy degli utenti del negozio online. Il Merchant utilizzer\u00e0 i dati personali raccolti esclusivamente per fornire i servizi che offre. Il commerciante rispetta la riservatezza dei dati personali e la privacy degli utenti del negozio online, quindi far\u00e0 tutto il necessario per proteggerli da eventuali violazioni e abusi. I dati personali degli utenti sono uno degli ambiti a cui il Commerciante presta estrema cura ed attenzione, consapevole della natura delicata di tale ambito.<\/p>\n\n\n\n<p><strong>Utilizzo dei dati personali<\/strong><\/p>\n\n\n\n<p>Ai fini della fornitura dei servizi che offre, il commerciante raccoglie, gestisce, elabora e memorizza i seguenti dati dell&#8217;utente:<\/p>\n\n\n\n<p>\u2022 nome e cognome;<\/p>\n\n\n\n<p>\u2022 indirizzi per la consegna;<\/p>\n\n\n\n<p>\u2022 la societ\u00e0 o titolo di persona giuridica (se l&#8217;utente \u00e8 una persona giuridica);<\/p>\n\n\n\n<p>\u2022 codice fiscale di una persona giuridica (se l&#8217;utente \u00e8 una persona giuridica);<\/p>\n\n\n\n<p>\u2022 indirizzo di posta elettronica (nome utente);<\/p>\n\n\n\n<p>\u2022 password in forma crittografata;<\/p>\n\n\n\n<p>\u2022 numero di contatto telefonico;<\/p>\n\n\n\n<p>\u2022 Paese di residenza;<\/p>\n\n\n\n<p>\u2022 altri dati che l&#8217;utente inserisce volontariamente nei moduli del negozio online;<\/p>\n\n\n\n<p>\u2022 altri dati che l&#8217;utente aggiunge volontariamente successivamente nel proprio profilo.<\/p>\n\n\n\n<p>Il Merchant non \u00e8 responsabile della correttezza, completezza e attualit\u00e0 dei dati inseriti dagli utenti.<\/p>\n\n\n\n<p><strong>Cookie e indirizzi IP<\/strong><\/p>\n\n\n\n<p>Il commerciante assegna a ciascun utente un cookie per identificare, tracciare il carrello e garantire la tracciabilit\u00e0 (il cosiddetto &#8220;cookie&#8221;) all&#8217;inizio di ogni utilizzo del negozio online, che viene memorizzato nella memoria del server solo per la durata del visita al negozio online e viene cancellato dopo un&#8217;ora di inattivit\u00e0. Il commerciante pu\u00f2 anche memorizzare alcuni cookie permanenti sul PC dell&#8217;utente, come ad esempio il numero di identificazione dell&#8217;utente in forma crittografata per l&#8217;identificazione alla successiva visita al negozio online o la valutazione degli articoli, con l&#8217;aiuto del quale l&#8217;utente sa quali articoli ha gi\u00e0 valutato, e indirettamente anche i cookie del servizio esterno Google Analytics, che servono ad analizzare le visite al sito web. Il commerciante pu\u00f2 utilizzare questi dati in una forma riassuntiva anonima per scopi di analisi statistica. Al fine di garantire la sicurezza online, il Commerciante raccoglie anche gli indirizzi IP dai quali gli utenti accedono al negozio online.<\/p>\n\n\n\n<p><strong>Dichiarazione sulla tutela della riservatezza dei dati personali e della privacy degli utenti<\/strong><\/p>\n\n\n\n<p>In conformit\u00e0 con le norme che disciplinano la protezione dei dati personali, il commerciante \u00e8 tenuto a proteggere i dati personali degli utenti del suo negozio online. In nessun caso il commerciante fornir\u00e0 personale o altri dati dell&#8217;utente a terzi o non consentir\u00e0 a terzi di visualizzare dati personali o altri dati dell&#8217;utente, a meno che non gli venga richiesto dalle autorit\u00e0 statali, se tale obbligo \u00e8 previsto dalla legge, o in buona fede che tale azione sia necessaria per procedimenti dinanzi a tribunali o altre autorit\u00e0 statali e per la protezione e la realizzazione di gli interessi legali del Commerciante. Tutti i dati personali e di altro tipo che l&#8217;utente fornir\u00e0 al momento dell&#8217;accesso al negozio online, nonch\u00e9 al momento dell&#8217;ordine dei prodotti, compreso il contenuto degli ordini, saranno protetti in conformit\u00e0 con le norme che disciplinano la protezione dei dati personali. Il commerciante non utilizzer\u00e0 questi dati per uno scopo che possa in alcun modo danneggiare l&#8217;utente o un&#8217;altra persona coinvolta. Il commerciante non utilizzer\u00e0 i dati dell&#8217;utente per inviare e-mail promozionali o altro materiale promozionale non richiesto, ad eccezione dell&#8217;invio di quelle notifiche promozionali a cui l&#8217;utente si iscriver\u00e0 o con cui sar\u00e0 d&#8217;accordo. Il commerciante pu\u00f2 utilizzare i dati in una forma riassuntiva anonima per scopi di analisi statistica. La riservatezza dei dati personali e di altri utenti non sar\u00e0 violata in nessuna forma. Il Commerciante affider\u00e0 al servizio di consegna (ad es. Posta Slovenije, DHL, UPS, ecc.) solo le informazioni necessarie per la consegna dei prodotti acquistati nel negozio online (informazioni sul destinatario e indirizzo di consegna). Il Commerciante contatter\u00e0 l&#8217;utente via e-mail se questo \u00e8 necessario per effettuare un acquisto nel negozio online, e tramite il numero di telefono di contatto solo se il processo di registrazione \u00e8 in corso o ci sono stati problemi con l&#8217;acquisto nel negozio online.<\/p>\n\n\n\n<p><strong>Attuazione della politica sulla privacy<\/strong><\/p>\n\n\n\n<p>Tutte le persone impiegate a tempo pieno o part-time dal Commerciante che hanno accesso ai dati personali e non degli utenti sono consapevoli del dovere di proteggere i dati personali e non e sono obbligate a rispettare queste disposizioni sulla protezione della riservatezza di dati personali e la privacy degli utenti del negozio online. L&#8217;obbligo di proteggere i dati personali e di altro tipo si applica a tempo indeterminato, anche dopo la cessazione del rapporto con il Commerciante. Gli utenti registrati possono interrompere l&#8217;utilizzo del negozio online in qualsiasi momento e possono annullare la loro registrazione. Lo fanno notificando per iscritto al Commerciante la cancellazione della loro registrazione. Prima di presentare una dichiarazione di cancellazione della registrazione, l&#8217;utente deve saldare tutti gli obblighi in sospeso nei confronti del Commerciante dagli acquisti effettuati nel negozio online. Il commerciante protegger\u00e0 la riservatezza dei dati personali e la privacy degli utenti del negozio online nell&#8217;ambito della presente informativa sulla privacy anche in caso di cancellazione della registrazione.<\/p>\n\n\n\n<p><strong>Ulteriori spiegazioni<\/strong><\/p>\n\n\n\n<p><br>In caso di domande, problemi o commenti relativi alla presente informativa sulla privacy, \u00e8 possibile inviarceli all&#8217;indirizzo e-mail: <a href=\"mailto:info@pharmazine.si\">info@pharmazine.si<\/a> .<\/p>\n","protected":false},"excerpt":{"rendered":"<p>Generale Il commerciante si impegna a proteggere la riservatezza dei dati personali e la privacy degli utenti del negozio online. Il Merchant utilizzer\u00e0 i dati personali raccolti esclusivamente per fornire i servizi che offre. Il commerciante rispetta la riservatezza dei dati personali e la privacy degli utenti del negozio online, quindi far\u00e0 tutto il necessario [&hellip;]<\/p>\n","protected":false},"author":7,"featured_media":3515,"parent":0,"menu_order":0,"comment_status":"closed","ping_status":"open","template":"","meta":{"inline_featured_image":false,"footnotes":""},"class_list":["post-2356","page","type-page","status-publish","has-post-thumbnail","hentry"],"yoast_head":"<!-- This site is optimized with the Yoast SEO plugin v26.1.1 - https:\/\/yoast.com\/wordpress\/plugins\/seo\/ -->\n<title>Politica sulla riservatezza | Enterozoo<\/title>\n<meta name=\"robots\" content=\"index, follow, max-snippet:-1, max-image-preview:large, max-video-preview:-1\" \/>\n<link rel=\"canonical\" href=\"https:\/\/enterozoo.si\/it\/politica-sulla-riservatezza\/\" \/>\n<meta property=\"og:locale\" content=\"it_IT\" \/>\n<meta property=\"og:type\" content=\"article\" \/>\n<meta property=\"og:title\" content=\"Politica sulla riservatezza | Enterozoo\" \/>\n<meta property=\"og:description\" content=\"Generale Il commerciante si impegna a proteggere la riservatezza dei dati personali e la privacy degli utenti del negozio online. Il Merchant utilizzer\u00e0 i dati personali raccolti esclusivamente per fornire i servizi che offre. Il commerciante rispetta la riservatezza dei dati personali e la privacy degli utenti del negozio online, quindi far\u00e0 tutto il necessario [&hellip;]\" \/>\n<meta property=\"og:url\" content=\"https:\/\/enterozoo.si\/it\/politica-sulla-riservatezza\/\" \/>\n<meta property=\"og:site_name\" content=\"Enterozoo\" \/>\n<meta property=\"article:publisher\" content=\"https:\/\/www.facebook.com\/EnterozooSlovenija\/\" \/>\n<meta property=\"article:modified_time\" content=\"2023-07-17T11:50:27+00:00\" \/>\n<meta name=\"twitter:card\" content=\"summary_large_image\" \/>\n<meta name=\"twitter:label1\" content=\"Tempo di lettura stimato\" \/>\n\t<meta name=\"twitter:data1\" content=\"5 minuti\" \/>\n<script type=\"application\/ld+json\" class=\"yoast-schema-graph\">{\"@context\":\"https:\/\/schema.org\",\"@graph\":[{\"@type\":\"WebPage\",\"@id\":\"https:\/\/enterozoo.si\/it\/politica-sulla-riservatezza\/\",\"url\":\"https:\/\/enterozoo.si\/it\/politica-sulla-riservatezza\/\",\"name\":\"Politica sulla riservatezza | Enterozoo\",\"isPartOf\":{\"@id\":\"https:\/\/enterozoo.si\/it\/#website\"},\"primaryImageOfPage\":{\"@id\":\"https:\/\/enterozoo.si\/it\/politica-sulla-riservatezza\/#primaryimage\"},\"image\":{\"@id\":\"https:\/\/enterozoo.si\/it\/politica-sulla-riservatezza\/#primaryimage\"},\"thumbnailUrl\":\"https:\/\/enterozoo.si\/wp-content\/uploads\/2023\/09\/enterozoo_social_logo.png\",\"datePublished\":\"2023-03-21T18:27:02+00:00\",\"dateModified\":\"2023-07-17T11:50:27+00:00\",\"breadcrumb\":{\"@id\":\"https:\/\/enterozoo.si\/it\/politica-sulla-riservatezza\/#breadcrumb\"},\"inLanguage\":\"it-IT\",\"potentialAction\":[{\"@type\":\"ReadAction\",\"target\":[\"https:\/\/enterozoo.si\/it\/politica-sulla-riservatezza\/\"]}]},{\"@type\":\"ImageObject\",\"inLanguage\":\"it-IT\",\"@id\":\"https:\/\/enterozoo.si\/it\/politica-sulla-riservatezza\/#primaryimage\",\"url\":\"https:\/\/enterozoo.si\/wp-content\/uploads\/2023\/09\/enterozoo_social_logo.png\",\"contentUrl\":\"https:\/\/enterozoo.si\/wp-content\/uploads\/2023\/09\/enterozoo_social_logo.png\",\"width\":512,\"height\":512},{\"@type\":\"BreadcrumbList\",\"@id\":\"https:\/\/enterozoo.si\/it\/politica-sulla-riservatezza\/#breadcrumb\",\"itemListElement\":[{\"@type\":\"ListItem\",\"position\":1,\"name\":\"Home\",\"item\":\"https:\/\/enterozoo.si\/it\/\"},{\"@type\":\"ListItem\",\"position\":2,\"name\":\"Politica sulla riservatezza\"}]},{\"@type\":\"WebSite\",\"@id\":\"https:\/\/enterozoo.si\/it\/#website\",\"url\":\"https:\/\/enterozoo.si\/it\/\",\"name\":\"Enterozoo\",\"description\":\"\",\"publisher\":{\"@id\":\"https:\/\/enterozoo.si\/it\/#organization\"},\"potentialAction\":[{\"@type\":\"SearchAction\",\"target\":{\"@type\":\"EntryPoint\",\"urlTemplate\":\"https:\/\/enterozoo.si\/it\/?s={search_term_string}\"},\"query-input\":{\"@type\":\"PropertyValueSpecification\",\"valueRequired\":true,\"valueName\":\"search_term_string\"}}],\"inLanguage\":\"it-IT\"},{\"@type\":\"Organization\",\"@id\":\"https:\/\/enterozoo.si\/it\/#organization\",\"name\":\"Enterozoo\",\"alternateName\":\"Enterozoo\",\"url\":\"https:\/\/enterozoo.si\/it\/\",\"logo\":{\"@type\":\"ImageObject\",\"inLanguage\":\"it-IT\",\"@id\":\"https:\/\/enterozoo.si\/it\/#\/schema\/logo\/image\/\",\"url\":\"https:\/\/enterozoo.si\/wp-content\/uploads\/2023\/03\/Group.svg\",\"contentUrl\":\"https:\/\/enterozoo.si\/wp-content\/uploads\/2023\/03\/Group.svg\",\"width\":248,\"height\":100,\"caption\":\"Enterozoo\"},\"image\":{\"@id\":\"https:\/\/enterozoo.si\/it\/#\/schema\/logo\/image\/\"},\"sameAs\":[\"https:\/\/www.facebook.com\/EnterozooSlovenija\/\"]}]}<\/script>\n<!-- \/ Yoast SEO plugin. -->","yoast_head_json":{"title":"Politica sulla riservatezza | Enterozoo","robots":{"index":"index","follow":"follow","max-snippet":"max-snippet:-1","max-image-preview":"max-image-preview:large","max-video-preview":"max-video-preview:-1"},"canonical":"https:\/\/enterozoo.si\/it\/politica-sulla-riservatezza\/","og_locale":"it_IT","og_type":"article","og_title":"Politica sulla riservatezza | Enterozoo","og_description":"Generale Il commerciante si impegna a proteggere la riservatezza dei dati personali e la privacy degli utenti del negozio online. Il Merchant utilizzer\u00e0 i dati personali raccolti esclusivamente per fornire i servizi che offre. Il commerciante rispetta la riservatezza dei dati personali e la privacy degli utenti del negozio online, quindi far\u00e0 tutto il necessario [&hellip;]","og_url":"https:\/\/enterozoo.si\/it\/politica-sulla-riservatezza\/","og_site_name":"Enterozoo","article_publisher":"https:\/\/www.facebook.com\/EnterozooSlovenija\/","article_modified_time":"2023-07-17T11:50:27+00:00","twitter_card":"summary_large_image","twitter_misc":{"Tempo di lettura stimato":"5 minuti"},"schema":{"@context":"https:\/\/schema.org","@graph":[{"@type":"WebPage","@id":"https:\/\/enterozoo.si\/it\/politica-sulla-riservatezza\/","url":"https:\/\/enterozoo.si\/it\/politica-sulla-riservatezza\/","name":"Politica sulla riservatezza | Enterozoo","isPartOf":{"@id":"https:\/\/enterozoo.si\/it\/#website"},"primaryImageOfPage":{"@id":"https:\/\/enterozoo.si\/it\/politica-sulla-riservatezza\/#primaryimage"},"image":{"@id":"https:\/\/enterozoo.si\/it\/politica-sulla-riservatezza\/#primaryimage"},"thumbnailUrl":"https:\/\/enterozoo.si\/wp-content\/uploads\/2023\/09\/enterozoo_social_logo.png","datePublished":"2023-03-21T18:27:02+00:00","dateModified":"2023-07-17T11:50:27+00:00","breadcrumb":{"@id":"https:\/\/enterozoo.si\/it\/politica-sulla-riservatezza\/#breadcrumb"},"inLanguage":"it-IT","potentialAction":[{"@type":"ReadAction","target":["https:\/\/enterozoo.si\/it\/politica-sulla-riservatezza\/"]}]},{"@type":"ImageObject","inLanguage":"it-IT","@id":"https:\/\/enterozoo.si\/it\/politica-sulla-riservatezza\/#primaryimage","url":"https:\/\/enterozoo.si\/wp-content\/uploads\/2023\/09\/enterozoo_social_logo.png","contentUrl":"https:\/\/enterozoo.si\/wp-content\/uploads\/2023\/09\/enterozoo_social_logo.png","width":512,"height":512},{"@type":"BreadcrumbList","@id":"https:\/\/enterozoo.si\/it\/politica-sulla-riservatezza\/#breadcrumb","itemListElement":[{"@type":"ListItem","position":1,"name":"Home","item":"https:\/\/enterozoo.si\/it\/"},{"@type":"ListItem","position":2,"name":"Politica sulla riservatezza"}]},{"@type":"WebSite","@id":"https:\/\/enterozoo.si\/it\/#website","url":"https:\/\/enterozoo.si\/it\/","name":"Enterozoo","description":"","publisher":{"@id":"https:\/\/enterozoo.si\/it\/#organization"},"potentialAction":[{"@type":"SearchAction","target":{"@type":"EntryPoint","urlTemplate":"https:\/\/enterozoo.si\/it\/?s={search_term_string}"},"query-input":{"@type":"PropertyValueSpecification","valueRequired":true,"valueName":"search_term_string"}}],"inLanguage":"it-IT"},{"@type":"Organization","@id":"https:\/\/enterozoo.si\/it\/#organization","name":"Enterozoo","alternateName":"Enterozoo","url":"https:\/\/enterozoo.si\/it\/","logo":{"@type":"ImageObject","inLanguage":"it-IT","@id":"https:\/\/enterozoo.si\/it\/#\/schema\/logo\/image\/","url":"https:\/\/enterozoo.si\/wp-content\/uploads\/2023\/03\/Group.svg","contentUrl":"https:\/\/enterozoo.si\/wp-content\/uploads\/2023\/03\/Group.svg","width":248,"height":100,"caption":"Enterozoo"},"image":{"@id":"https:\/\/enterozoo.si\/it\/#\/schema\/logo\/image\/"},"sameAs":["https:\/\/www.facebook.com\/EnterozooSlovenija\/"]}]}},"_links":{"self":[{"href":"https:\/\/enterozoo.si\/it\/wp-json\/wp\/v2\/pages\/2356","targetHints":{"allow":["GET"]}}],"collection":[{"href":"https:\/\/enterozoo.si\/it\/wp-json\/wp\/v2\/pages"}],"about":[{"href":"https:\/\/enterozoo.si\/it\/wp-json\/wp\/v2\/types\/page"}],"author":[{"embeddable":true,"href":"https:\/\/enterozoo.si\/it\/wp-json\/wp\/v2\/users\/7"}],"replies":[{"embeddable":true,"href":"https:\/\/enterozoo.si\/it\/wp-json\/wp\/v2\/comments?post=2356"}],"version-history":[{"count":4,"href":"https:\/\/enterozoo.si\/it\/wp-json\/wp\/v2\/pages\/2356\/revisions"}],"predecessor-version":[{"id":3131,"href":"https:\/\/enterozoo.si\/it\/wp-json\/wp\/v2\/pages\/2356\/revisions\/3131"}],"wp:featuredmedia":[{"embeddable":true,"href":"https:\/\/enterozoo.si\/it\/wp-json\/wp\/v2\/media\/3515"}],"wp:attachment":[{"href":"https:\/\/enterozoo.si\/it\/wp-json\/wp\/v2\/media?parent=2356"}],"curies":[{"name":"wp","href":"https:\/\/api.w.org\/{rel}","templated":true}]}}