{"id":4921,"date":"2024-11-28T00:37:53","date_gmt":"2024-11-27T23:37:53","guid":{"rendered":"https:\/\/enterozoo.si\/izdelek\/paket-uzgajivaci-veliki\/"},"modified":"2025-02-28T08:44:39","modified_gmt":"2025-02-28T07:44:39","slug":"velik-paket-rejci","status":"publish","type":"product","link":"https:\/\/enterozoo.si\/hr\/izdelek\/velik-paket-rejci\/","title":{"rendered":"Paket UZGAJIVA\u010cI &#8211; Veliki"},"content":{"rendered":"<p>Veliki paket uzgajiva\u010di zgodan je izbor za svakoga tko kod ku\u0107e ima veliki broj \u017eivotinja ili se \u010desto susre\u0107e s probavnim problemima kod svojih ljubimaca. EnteroZoo brzo, u\u010dinkovito i sigurno zaustavlja proljev i povra\u0107anje te poma\u017ee br\u017eem zacjeljivanju povr\u0161inskih rana.<\/p>\n<p><span data-sheets-root=\"1\">EnteroZOO je inovativni gastrointestinalni adsorbent nove generacije (enterosorbent) na bazi prirodnog silicija; polimetilsiloksan polihidrat 60% i pro\u010di\u0161\u0107ena voda 40% (na 100g). EnteroZOO je sposoban selektivne adsorpcije, \u0161to je omogu\u0107eno veli\u010dinom njegovih pora. One omogu\u0107uju selektivno vezanje \u0161tetnih tvari na njihovu povr\u0161inu. Na svoju povr\u0161inu ve\u017ee patogene bakterije, toksine i rotaviruse. EnteroZOO ne utje\u010de na apsorpciju hranjivih tvari ili vitamina, kalcija ili drugih hranjivih tvari. Ne ve\u017ee vodu pa ne izaziva zatvor. EnteroZOO je potpuno siguran proizvod i mo\u017ee se davati i \u0161tencima i gravidnim \u017eivotinjama.<\/span><\/p>\n<p>Op\u0107enito doziranje: 1 \u010dajna \u017eli\u010dica = \u00bd vre\u0107ice (5 ml) = 5 g, 1 puna \u010dajna \u017eli\u010dica = 1 vre\u0107ica (10 ml) = 10 g, 1 ju\u0161na \u017elica = 1 \u00bd vre\u0107ica (15 ml) = 15 g.<\/p>\n","protected":false},"excerpt":{"rendered":"<p>Veliki paket uzgajiva\u010di sadr\u017ei:<\/p>\n<ul>\n<li>1x doypack (500 ml)<\/li>\n<li>3x tuba (3x 100g)<\/li>\n<li>2x paket vre\u0107ic (2x 150g)<\/li>\n<\/ul>\n","protected":false},"featured_media":4736,"comment_status":"open","ping_status":"closed","template":"","meta":{"inline_featured_image":false},"product_brand":[],"product_cat":[80],"product_tag":[],"class_list":{"0":"post-4921","1":"product","2":"type-product","3":"status-publish","4":"has-post-thumbnail","6":"product_cat-nekategorizirano-hr","8":"first","9":"instock","10":"sale","11":"shipping-taxable","12":"purchasable","13":"product-type-simple"},"yoast_head":"<!-- This site is optimized with the Yoast SEO plugin v26.1.1 - https:\/\/yoast.com\/wordpress\/plugins\/seo\/ -->\n<title>Paket UZGAJIVA\u010cI - Veliki | Enterozoo<\/title>\n<meta name=\"robots\" content=\"index, follow, max-snippet:-1, max-image-preview:large, max-video-preview:-1\" \/>\n<link rel=\"canonical\" href=\"https:\/\/enterozoo.si\/hr\/izdelek\/velik-paket-rejci\/\" \/>\n<meta property=\"og:locale\" content=\"hr_HR\" \/>\n<meta property=\"og:type\" content=\"article\" \/>\n<meta property=\"og:title\" content=\"Paket UZGAJIVA\u010cI - Veliki | Enterozoo\" \/>\n<meta property=\"og:description\" content=\"Veliki paket uzgajiva\u010di sadr\u017ei:   1x doypack (500 ml)  3x tuba (3x 100g)  2x paket vre\u0107ic (2x 150g)\" \/>\n<meta property=\"og:url\" content=\"https:\/\/enterozoo.si\/hr\/izdelek\/velik-paket-rejci\/\" \/>\n<meta property=\"og:site_name\" content=\"Enterozoo\" \/>\n<meta property=\"article:publisher\" content=\"https:\/\/www.facebook.com\/EnterozooSlovenija\/\" \/>\n<meta property=\"article:modified_time\" content=\"2025-02-28T07:44:39+00:00\" \/>\n<meta property=\"og:image\" content=\"https:\/\/enterozoo.si\/wp-content\/uploads\/2024\/03\/Veliki-paket-rejci.png\" \/>\n\t<meta property=\"og:image:width\" content=\"1200\" \/>\n\t<meta property=\"og:image:height\" content=\"1200\" \/>\n\t<meta property=\"og:image:type\" content=\"image\/png\" \/>\n<meta name=\"twitter:card\" content=\"summary_large_image\" \/>\n<meta name=\"twitter:label1\" content=\"Procijenjeno vrijeme \u010ditanja\" \/>\n\t<meta name=\"twitter:data1\" content=\"2 minute\" \/>\n<script type=\"application\/ld+json\" class=\"yoast-schema-graph\">{\"@context\":\"https:\/\/schema.org\",\"@graph\":[{\"@type\":\"WebPage\",\"@id\":\"https:\/\/enterozoo.si\/hr\/izdelek\/velik-paket-rejci\/\",\"url\":\"https:\/\/enterozoo.si\/hr\/izdelek\/velik-paket-rejci\/\",\"name\":\"Paket UZGAJIVA\u010cI - Veliki | Enterozoo\",\"isPartOf\":{\"@id\":\"https:\/\/enterozoo.si\/hr\/#website\"},\"primaryImageOfPage\":{\"@id\":\"https:\/\/enterozoo.si\/hr\/izdelek\/velik-paket-rejci\/#primaryimage\"},\"image\":{\"@id\":\"https:\/\/enterozoo.si\/hr\/izdelek\/velik-paket-rejci\/#primaryimage\"},\"thumbnailUrl\":\"https:\/\/enterozoo.si\/wp-content\/uploads\/2024\/03\/Veliki-paket-rejci.png\",\"datePublished\":\"2024-11-27T23:37:53+00:00\",\"dateModified\":\"2025-02-28T07:44:39+00:00\",\"breadcrumb\":{\"@id\":\"https:\/\/enterozoo.si\/hr\/izdelek\/velik-paket-rejci\/#breadcrumb\"},\"inLanguage\":\"hr\",\"potentialAction\":[{\"@type\":\"ReadAction\",\"target\":[\"https:\/\/enterozoo.si\/hr\/izdelek\/velik-paket-rejci\/\"]}]},{\"@type\":\"ImageObject\",\"inLanguage\":\"hr\",\"@id\":\"https:\/\/enterozoo.si\/hr\/izdelek\/velik-paket-rejci\/#primaryimage\",\"url\":\"https:\/\/enterozoo.si\/wp-content\/uploads\/2024\/03\/Veliki-paket-rejci.png\",\"contentUrl\":\"https:\/\/enterozoo.si\/wp-content\/uploads\/2024\/03\/Veliki-paket-rejci.png\",\"width\":1200,\"height\":1200},{\"@type\":\"BreadcrumbList\",\"@id\":\"https:\/\/enterozoo.si\/hr\/izdelek\/velik-paket-rejci\/#breadcrumb\",\"itemListElement\":[{\"@type\":\"ListItem\",\"position\":1,\"name\":\"Home\",\"item\":\"https:\/\/enterozoo.si\/hr\/\"},{\"@type\":\"ListItem\",\"position\":2,\"name\":\"Trgovina\",\"item\":\"https:\/\/enterozoo.si\/hr\/trgovina\/\"},{\"@type\":\"ListItem\",\"position\":3,\"name\":\"Paket UZGAJIVA\u010cI &#8211; Veliki\"}]},{\"@type\":\"WebSite\",\"@id\":\"https:\/\/enterozoo.si\/hr\/#website\",\"url\":\"https:\/\/enterozoo.si\/hr\/\",\"name\":\"Enterozoo\",\"description\":\"\",\"publisher\":{\"@id\":\"https:\/\/enterozoo.si\/hr\/#organization\"},\"potentialAction\":[{\"@type\":\"SearchAction\",\"target\":{\"@type\":\"EntryPoint\",\"urlTemplate\":\"https:\/\/enterozoo.si\/hr\/?s={search_term_string}\"},\"query-input\":{\"@type\":\"PropertyValueSpecification\",\"valueRequired\":true,\"valueName\":\"search_term_string\"}}],\"inLanguage\":\"hr\"},{\"@type\":\"Organization\",\"@id\":\"https:\/\/enterozoo.si\/hr\/#organization\",\"name\":\"Enterozoo\",\"alternateName\":\"Enterozoo\",\"url\":\"https:\/\/enterozoo.si\/hr\/\",\"logo\":{\"@type\":\"ImageObject\",\"inLanguage\":\"hr\",\"@id\":\"https:\/\/enterozoo.si\/hr\/#\/schema\/logo\/image\/\",\"url\":\"https:\/\/enterozoo.si\/wp-content\/uploads\/2023\/03\/Group.svg\",\"contentUrl\":\"https:\/\/enterozoo.si\/wp-content\/uploads\/2023\/03\/Group.svg\",\"width\":248,\"height\":100,\"caption\":\"Enterozoo\"},\"image\":{\"@id\":\"https:\/\/enterozoo.si\/hr\/#\/schema\/logo\/image\/\"},\"sameAs\":[\"https:\/\/www.facebook.com\/EnterozooSlovenija\/\"]}]}<\/script>\n<!-- \/ Yoast SEO plugin. -->","yoast_head_json":{"title":"Paket UZGAJIVA\u010cI - Veliki | Enterozoo","robots":{"index":"index","follow":"follow","max-snippet":"max-snippet:-1","max-image-preview":"max-image-preview:large","max-video-preview":"max-video-preview:-1"},"canonical":"https:\/\/enterozoo.si\/hr\/izdelek\/velik-paket-rejci\/","og_locale":"hr_HR","og_type":"article","og_title":"Paket UZGAJIVA\u010cI - Veliki | Enterozoo","og_description":"Veliki paket uzgajiva\u010di sadr\u017ei:   1x doypack (500 ml)  3x tuba (3x 100g)  2x paket vre\u0107ic (2x 150g)","og_url":"https:\/\/enterozoo.si\/hr\/izdelek\/velik-paket-rejci\/","og_site_name":"Enterozoo","article_publisher":"https:\/\/www.facebook.com\/EnterozooSlovenija\/","article_modified_time":"2025-02-28T07:44:39+00:00","og_image":[{"width":1200,"height":1200,"url":"https:\/\/enterozoo.si\/wp-content\/uploads\/2024\/03\/Veliki-paket-rejci.png","type":"image\/png"}],"twitter_card":"summary_large_image","twitter_misc":{"Procijenjeno vrijeme \u010ditanja":"2 minute"},"schema":{"@context":"https:\/\/schema.org","@graph":[{"@type":"WebPage","@id":"https:\/\/enterozoo.si\/hr\/izdelek\/velik-paket-rejci\/","url":"https:\/\/enterozoo.si\/hr\/izdelek\/velik-paket-rejci\/","name":"Paket UZGAJIVA\u010cI - Veliki | Enterozoo","isPartOf":{"@id":"https:\/\/enterozoo.si\/hr\/#website"},"primaryImageOfPage":{"@id":"https:\/\/enterozoo.si\/hr\/izdelek\/velik-paket-rejci\/#primaryimage"},"image":{"@id":"https:\/\/enterozoo.si\/hr\/izdelek\/velik-paket-rejci\/#primaryimage"},"thumbnailUrl":"https:\/\/enterozoo.si\/wp-content\/uploads\/2024\/03\/Veliki-paket-rejci.png","datePublished":"2024-11-27T23:37:53+00:00","dateModified":"2025-02-28T07:44:39+00:00","breadcrumb":{"@id":"https:\/\/enterozoo.si\/hr\/izdelek\/velik-paket-rejci\/#breadcrumb"},"inLanguage":"hr","potentialAction":[{"@type":"ReadAction","target":["https:\/\/enterozoo.si\/hr\/izdelek\/velik-paket-rejci\/"]}]},{"@type":"ImageObject","inLanguage":"hr","@id":"https:\/\/enterozoo.si\/hr\/izdelek\/velik-paket-rejci\/#primaryimage","url":"https:\/\/enterozoo.si\/wp-content\/uploads\/2024\/03\/Veliki-paket-rejci.png","contentUrl":"https:\/\/enterozoo.si\/wp-content\/uploads\/2024\/03\/Veliki-paket-rejci.png","width":1200,"height":1200},{"@type":"BreadcrumbList","@id":"https:\/\/enterozoo.si\/hr\/izdelek\/velik-paket-rejci\/#breadcrumb","itemListElement":[{"@type":"ListItem","position":1,"name":"Home","item":"https:\/\/enterozoo.si\/hr\/"},{"@type":"ListItem","position":2,"name":"Trgovina","item":"https:\/\/enterozoo.si\/hr\/trgovina\/"},{"@type":"ListItem","position":3,"name":"Paket UZGAJIVA\u010cI &#8211; Veliki"}]},{"@type":"WebSite","@id":"https:\/\/enterozoo.si\/hr\/#website","url":"https:\/\/enterozoo.si\/hr\/","name":"Enterozoo","description":"","publisher":{"@id":"https:\/\/enterozoo.si\/hr\/#organization"},"potentialAction":[{"@type":"SearchAction","target":{"@type":"EntryPoint","urlTemplate":"https:\/\/enterozoo.si\/hr\/?s={search_term_string}"},"query-input":{"@type":"PropertyValueSpecification","valueRequired":true,"valueName":"search_term_string"}}],"inLanguage":"hr"},{"@type":"Organization","@id":"https:\/\/enterozoo.si\/hr\/#organization","name":"Enterozoo","alternateName":"Enterozoo","url":"https:\/\/enterozoo.si\/hr\/","logo":{"@type":"ImageObject","inLanguage":"hr","@id":"https:\/\/enterozoo.si\/hr\/#\/schema\/logo\/image\/","url":"https:\/\/enterozoo.si\/wp-content\/uploads\/2023\/03\/Group.svg","contentUrl":"https:\/\/enterozoo.si\/wp-content\/uploads\/2023\/03\/Group.svg","width":248,"height":100,"caption":"Enterozoo"},"image":{"@id":"https:\/\/enterozoo.si\/hr\/#\/schema\/logo\/image\/"},"sameAs":["https:\/\/www.facebook.com\/EnterozooSlovenija\/"]}]}},"_links":{"self":[{"href":"https:\/\/enterozoo.si\/hr\/wp-json\/wp\/v2\/product\/4921","targetHints":{"allow":["GET"]}}],"collection":[{"href":"https:\/\/enterozoo.si\/hr\/wp-json\/wp\/v2\/product"}],"about":[{"href":"https:\/\/enterozoo.si\/hr\/wp-json\/wp\/v2\/types\/product"}],"replies":[{"embeddable":true,"href":"https:\/\/enterozoo.si\/hr\/wp-json\/wp\/v2\/comments?post=4921"}],"wp:featuredmedia":[{"embeddable":true,"href":"https:\/\/enterozoo.si\/hr\/wp-json\/wp\/v2\/media\/4736"}],"wp:attachment":[{"href":"https:\/\/enterozoo.si\/hr\/wp-json\/wp\/v2\/media?parent=4921"}],"wp:term":[{"taxonomy":"product_brand","embeddable":true,"href":"https:\/\/enterozoo.si\/hr\/wp-json\/wp\/v2\/product_brand?post=4921"},{"taxonomy":"product_cat","embeddable":true,"href":"https:\/\/enterozoo.si\/hr\/wp-json\/wp\/v2\/product_cat?post=4921"},{"taxonomy":"product_tag","embeddable":true,"href":"https:\/\/enterozoo.si\/hr\/wp-json\/wp\/v2\/product_tag?post=4921"}],"curies":[{"name":"wp","href":"https:\/\/api.w.org\/{rel}","templated":true}]}}