{"id":2596,"date":"2023-04-09T17:42:40","date_gmt":"2023-04-09T15:42:40","guid":{"rendered":"https:\/\/enterozoo.si\/izdelek\/enterozoo-2x-vrecka-tuba\/"},"modified":"2025-12-01T00:05:51","modified_gmt":"2025-11-30T23:05:51","slug":"enterozoo-2x-vrecka-tuba","status":"publish","type":"product","link":"https:\/\/enterozoo.si\/hr\/izdelek\/enterozoo-2x-vrecka-tuba\/","title":{"rendered":"EnteroZOO 2x set vre\u0107ica + tuba"},"content":{"rendered":"<p>Jednostavno umije\u0161ajte jednu \u017elicu proizvoda u vodu ili hranu. U problemati\u010dnim slu\u010dajevima smjesa se dozira plasti\u010dnom \u0161pricom izravno u usnu \u0161upljinu \u017eivotinje. EnteroZOO se primjenjuje 3 puta dnevno. Op\u0107enito doziranje: 1 \u010dajna \u017eli\u010dica = \u00bd vre\u0107ice (5 ml) = 5 g, 1 puna \u010dajna \u017eli\u010dica = 1 vre\u0107ica (10 ml) = 10 g, 1 ju\u0161na \u017elica = 1 \u00bd vre\u0107ica (15 ml) = 15 g.<\/p>\n","protected":false},"excerpt":{"rendered":"<p>Za ljubimce koji vole putovati i sve trpati u usta. Pakiranje sadr\u017ei dvije kutije vre\u0107ica (15x 10g), svaka vre\u0107ica ima rok trajanja 3 godine. Vre\u0107ice su vrlo prikladne za situacijske probleme na\u0161ih \u017eivotinja; poput proljeva, mu\u010dnine ili trovanja.<\/p>\n","protected":false},"featured_media":4001,"comment_status":"open","ping_status":"closed","template":"","meta":{"inline_featured_image":false},"product_brand":[],"product_cat":[52,53],"product_tag":[],"class_list":{"0":"post-2596","1":"product","2":"type-product","3":"status-publish","4":"has-post-thumbnail","6":"product_cat-tuba-hr","7":"product_cat-vrecke-hr","9":"first","10":"instock","11":"sale","12":"shipping-taxable","13":"purchasable","14":"product-type-simple"},"yoast_head":"<!-- This site is optimized with the Yoast SEO plugin v26.1.1 - https:\/\/yoast.com\/wordpress\/plugins\/seo\/ -->\n<title>EnteroZOO 2x set vre\u0107ica + tuba | Enterozoo<\/title>\n<meta name=\"robots\" content=\"index, follow, max-snippet:-1, max-image-preview:large, max-video-preview:-1\" \/>\n<link rel=\"canonical\" href=\"https:\/\/enterozoo.si\/hr\/izdelek\/enterozoo-2x-vrecka-tuba\/\" \/>\n<meta property=\"og:locale\" content=\"hr_HR\" \/>\n<meta property=\"og:type\" content=\"article\" \/>\n<meta property=\"og:title\" content=\"EnteroZOO 2x set vre\u0107ica + tuba | Enterozoo\" \/>\n<meta property=\"og:description\" content=\"Za ljubimce koji vole putovati i sve trpati u usta. Pakiranje sadr\u017ei dvije kutije vre\u0107ica (15x 10g), svaka vre\u0107ica ima rok trajanja 3 godine. Vre\u0107ice su vrlo prikladne za situacijske probleme na\u0161ih \u017eivotinja; poput proljeva, mu\u010dnine ili trovanja.\" \/>\n<meta property=\"og:url\" content=\"https:\/\/enterozoo.si\/hr\/izdelek\/enterozoo-2x-vrecka-tuba\/\" \/>\n<meta property=\"og:site_name\" content=\"Enterozoo\" \/>\n<meta property=\"article:publisher\" content=\"https:\/\/www.facebook.com\/EnterozooSlovenija\/\" \/>\n<meta property=\"article:modified_time\" content=\"2025-11-30T23:05:51+00:00\" \/>\n<meta property=\"og:image\" content=\"https:\/\/enterozoo.si\/wp-content\/uploads\/2023\/04\/Kombo-paket-transparent.png\" \/>\n\t<meta property=\"og:image:width\" content=\"1080\" \/>\n\t<meta property=\"og:image:height\" content=\"1080\" \/>\n\t<meta property=\"og:image:type\" content=\"image\/png\" \/>\n<meta name=\"twitter:card\" content=\"summary_large_image\" \/>\n<meta name=\"twitter:label1\" content=\"Procijenjeno vrijeme \u010ditanja\" \/>\n\t<meta name=\"twitter:data1\" content=\"1 minuta\" \/>\n<script type=\"application\/ld+json\" class=\"yoast-schema-graph\">{\"@context\":\"https:\/\/schema.org\",\"@graph\":[{\"@type\":\"WebPage\",\"@id\":\"https:\/\/enterozoo.si\/hr\/izdelek\/enterozoo-2x-vrecka-tuba\/\",\"url\":\"https:\/\/enterozoo.si\/hr\/izdelek\/enterozoo-2x-vrecka-tuba\/\",\"name\":\"EnteroZOO 2x set vre\u0107ica + tuba | Enterozoo\",\"isPartOf\":{\"@id\":\"https:\/\/enterozoo.si\/hr\/#website\"},\"primaryImageOfPage\":{\"@id\":\"https:\/\/enterozoo.si\/hr\/izdelek\/enterozoo-2x-vrecka-tuba\/#primaryimage\"},\"image\":{\"@id\":\"https:\/\/enterozoo.si\/hr\/izdelek\/enterozoo-2x-vrecka-tuba\/#primaryimage\"},\"thumbnailUrl\":\"https:\/\/enterozoo.si\/wp-content\/uploads\/2023\/04\/Kombo-paket-transparent.png\",\"datePublished\":\"2023-04-09T15:42:40+00:00\",\"dateModified\":\"2025-11-30T23:05:51+00:00\",\"breadcrumb\":{\"@id\":\"https:\/\/enterozoo.si\/hr\/izdelek\/enterozoo-2x-vrecka-tuba\/#breadcrumb\"},\"inLanguage\":\"hr\",\"potentialAction\":[{\"@type\":\"ReadAction\",\"target\":[\"https:\/\/enterozoo.si\/hr\/izdelek\/enterozoo-2x-vrecka-tuba\/\"]}]},{\"@type\":\"ImageObject\",\"inLanguage\":\"hr\",\"@id\":\"https:\/\/enterozoo.si\/hr\/izdelek\/enterozoo-2x-vrecka-tuba\/#primaryimage\",\"url\":\"https:\/\/enterozoo.si\/wp-content\/uploads\/2023\/04\/Kombo-paket-transparent.png\",\"contentUrl\":\"https:\/\/enterozoo.si\/wp-content\/uploads\/2023\/04\/Kombo-paket-transparent.png\",\"width\":1080,\"height\":1080},{\"@type\":\"BreadcrumbList\",\"@id\":\"https:\/\/enterozoo.si\/hr\/izdelek\/enterozoo-2x-vrecka-tuba\/#breadcrumb\",\"itemListElement\":[{\"@type\":\"ListItem\",\"position\":1,\"name\":\"Home\",\"item\":\"https:\/\/enterozoo.si\/hr\/\"},{\"@type\":\"ListItem\",\"position\":2,\"name\":\"Trgovina\",\"item\":\"https:\/\/enterozoo.si\/hr\/trgovina\/\"},{\"@type\":\"ListItem\",\"position\":3,\"name\":\"EnteroZOO 2x set vre\u0107ica + tuba\"}]},{\"@type\":\"WebSite\",\"@id\":\"https:\/\/enterozoo.si\/hr\/#website\",\"url\":\"https:\/\/enterozoo.si\/hr\/\",\"name\":\"Enterozoo\",\"description\":\"\",\"publisher\":{\"@id\":\"https:\/\/enterozoo.si\/hr\/#organization\"},\"potentialAction\":[{\"@type\":\"SearchAction\",\"target\":{\"@type\":\"EntryPoint\",\"urlTemplate\":\"https:\/\/enterozoo.si\/hr\/?s={search_term_string}\"},\"query-input\":{\"@type\":\"PropertyValueSpecification\",\"valueRequired\":true,\"valueName\":\"search_term_string\"}}],\"inLanguage\":\"hr\"},{\"@type\":\"Organization\",\"@id\":\"https:\/\/enterozoo.si\/hr\/#organization\",\"name\":\"Enterozoo\",\"alternateName\":\"Enterozoo\",\"url\":\"https:\/\/enterozoo.si\/hr\/\",\"logo\":{\"@type\":\"ImageObject\",\"inLanguage\":\"hr\",\"@id\":\"https:\/\/enterozoo.si\/hr\/#\/schema\/logo\/image\/\",\"url\":\"https:\/\/enterozoo.si\/wp-content\/uploads\/2023\/03\/Group.svg\",\"contentUrl\":\"https:\/\/enterozoo.si\/wp-content\/uploads\/2023\/03\/Group.svg\",\"width\":248,\"height\":100,\"caption\":\"Enterozoo\"},\"image\":{\"@id\":\"https:\/\/enterozoo.si\/hr\/#\/schema\/logo\/image\/\"},\"sameAs\":[\"https:\/\/www.facebook.com\/EnterozooSlovenija\/\"]}]}<\/script>\n<!-- \/ Yoast SEO plugin. -->","yoast_head_json":{"title":"EnteroZOO 2x set vre\u0107ica + tuba | Enterozoo","robots":{"index":"index","follow":"follow","max-snippet":"max-snippet:-1","max-image-preview":"max-image-preview:large","max-video-preview":"max-video-preview:-1"},"canonical":"https:\/\/enterozoo.si\/hr\/izdelek\/enterozoo-2x-vrecka-tuba\/","og_locale":"hr_HR","og_type":"article","og_title":"EnteroZOO 2x set vre\u0107ica + tuba | Enterozoo","og_description":"Za ljubimce koji vole putovati i sve trpati u usta. Pakiranje sadr\u017ei dvije kutije vre\u0107ica (15x 10g), svaka vre\u0107ica ima rok trajanja 3 godine. Vre\u0107ice su vrlo prikladne za situacijske probleme na\u0161ih \u017eivotinja; poput proljeva, mu\u010dnine ili trovanja.","og_url":"https:\/\/enterozoo.si\/hr\/izdelek\/enterozoo-2x-vrecka-tuba\/","og_site_name":"Enterozoo","article_publisher":"https:\/\/www.facebook.com\/EnterozooSlovenija\/","article_modified_time":"2025-11-30T23:05:51+00:00","og_image":[{"width":1080,"height":1080,"url":"https:\/\/enterozoo.si\/wp-content\/uploads\/2023\/04\/Kombo-paket-transparent.png","type":"image\/png"}],"twitter_card":"summary_large_image","twitter_misc":{"Procijenjeno vrijeme \u010ditanja":"1 minuta"},"schema":{"@context":"https:\/\/schema.org","@graph":[{"@type":"WebPage","@id":"https:\/\/enterozoo.si\/hr\/izdelek\/enterozoo-2x-vrecka-tuba\/","url":"https:\/\/enterozoo.si\/hr\/izdelek\/enterozoo-2x-vrecka-tuba\/","name":"EnteroZOO 2x set vre\u0107ica + tuba | Enterozoo","isPartOf":{"@id":"https:\/\/enterozoo.si\/hr\/#website"},"primaryImageOfPage":{"@id":"https:\/\/enterozoo.si\/hr\/izdelek\/enterozoo-2x-vrecka-tuba\/#primaryimage"},"image":{"@id":"https:\/\/enterozoo.si\/hr\/izdelek\/enterozoo-2x-vrecka-tuba\/#primaryimage"},"thumbnailUrl":"https:\/\/enterozoo.si\/wp-content\/uploads\/2023\/04\/Kombo-paket-transparent.png","datePublished":"2023-04-09T15:42:40+00:00","dateModified":"2025-11-30T23:05:51+00:00","breadcrumb":{"@id":"https:\/\/enterozoo.si\/hr\/izdelek\/enterozoo-2x-vrecka-tuba\/#breadcrumb"},"inLanguage":"hr","potentialAction":[{"@type":"ReadAction","target":["https:\/\/enterozoo.si\/hr\/izdelek\/enterozoo-2x-vrecka-tuba\/"]}]},{"@type":"ImageObject","inLanguage":"hr","@id":"https:\/\/enterozoo.si\/hr\/izdelek\/enterozoo-2x-vrecka-tuba\/#primaryimage","url":"https:\/\/enterozoo.si\/wp-content\/uploads\/2023\/04\/Kombo-paket-transparent.png","contentUrl":"https:\/\/enterozoo.si\/wp-content\/uploads\/2023\/04\/Kombo-paket-transparent.png","width":1080,"height":1080},{"@type":"BreadcrumbList","@id":"https:\/\/enterozoo.si\/hr\/izdelek\/enterozoo-2x-vrecka-tuba\/#breadcrumb","itemListElement":[{"@type":"ListItem","position":1,"name":"Home","item":"https:\/\/enterozoo.si\/hr\/"},{"@type":"ListItem","position":2,"name":"Trgovina","item":"https:\/\/enterozoo.si\/hr\/trgovina\/"},{"@type":"ListItem","position":3,"name":"EnteroZOO 2x set vre\u0107ica + tuba"}]},{"@type":"WebSite","@id":"https:\/\/enterozoo.si\/hr\/#website","url":"https:\/\/enterozoo.si\/hr\/","name":"Enterozoo","description":"","publisher":{"@id":"https:\/\/enterozoo.si\/hr\/#organization"},"potentialAction":[{"@type":"SearchAction","target":{"@type":"EntryPoint","urlTemplate":"https:\/\/enterozoo.si\/hr\/?s={search_term_string}"},"query-input":{"@type":"PropertyValueSpecification","valueRequired":true,"valueName":"search_term_string"}}],"inLanguage":"hr"},{"@type":"Organization","@id":"https:\/\/enterozoo.si\/hr\/#organization","name":"Enterozoo","alternateName":"Enterozoo","url":"https:\/\/enterozoo.si\/hr\/","logo":{"@type":"ImageObject","inLanguage":"hr","@id":"https:\/\/enterozoo.si\/hr\/#\/schema\/logo\/image\/","url":"https:\/\/enterozoo.si\/wp-content\/uploads\/2023\/03\/Group.svg","contentUrl":"https:\/\/enterozoo.si\/wp-content\/uploads\/2023\/03\/Group.svg","width":248,"height":100,"caption":"Enterozoo"},"image":{"@id":"https:\/\/enterozoo.si\/hr\/#\/schema\/logo\/image\/"},"sameAs":["https:\/\/www.facebook.com\/EnterozooSlovenija\/"]}]}},"_links":{"self":[{"href":"https:\/\/enterozoo.si\/hr\/wp-json\/wp\/v2\/product\/2596","targetHints":{"allow":["GET"]}}],"collection":[{"href":"https:\/\/enterozoo.si\/hr\/wp-json\/wp\/v2\/product"}],"about":[{"href":"https:\/\/enterozoo.si\/hr\/wp-json\/wp\/v2\/types\/product"}],"replies":[{"embeddable":true,"href":"https:\/\/enterozoo.si\/hr\/wp-json\/wp\/v2\/comments?post=2596"}],"wp:featuredmedia":[{"embeddable":true,"href":"https:\/\/enterozoo.si\/hr\/wp-json\/wp\/v2\/media\/4001"}],"wp:attachment":[{"href":"https:\/\/enterozoo.si\/hr\/wp-json\/wp\/v2\/media?parent=2596"}],"wp:term":[{"taxonomy":"product_brand","embeddable":true,"href":"https:\/\/enterozoo.si\/hr\/wp-json\/wp\/v2\/product_brand?post=2596"},{"taxonomy":"product_cat","embeddable":true,"href":"https:\/\/enterozoo.si\/hr\/wp-json\/wp\/v2\/product_cat?post=2596"},{"taxonomy":"product_tag","embeddable":true,"href":"https:\/\/enterozoo.si\/hr\/wp-json\/wp\/v2\/product_tag?post=2596"}],"curies":[{"name":"wp","href":"https:\/\/api.w.org\/{rel}","templated":true}]}}