{"id":3084,"date":"2023-03-21T19:27:02","date_gmt":"2023-03-21T18:27:02","guid":{"rendered":"https:\/\/enterozoo.si\/privacy-policy\/"},"modified":"2023-07-13T08:24:34","modified_gmt":"2023-07-13T06:24:34","slug":"pravila-privatnosti","status":"publish","type":"page","link":"https:\/\/enterozoo.si\/hr\/pravila-privatnosti\/","title":{"rendered":"Pravila privatnosti"},"content":{"rendered":"\n<p><\/p>\n\n\n\n<p><strong>Op\u0107enito<\/strong><\/p>\n\n\n\n<p>Trgovac se obvezuje \u010duvati povjerljivost osobnih podataka i privatnost korisnika internet trgovine. Trgovac \u0107e prikupljene osobne podatke koristiti isklju\u010divo za pru\u017eanje usluga koje nudi. Trgovac po\u0161tuje povjerljivost osobnih podataka i privatnost korisnika internetske trgovine, stoga \u0107e u\u010diniti sve da ih za\u0161titi od bilo kakvih povreda i zlouporaba. Osobni podaci korisnika jedno su od podru\u010dja kojem Trgovac posve\u0107uje iznimnu brigu i pa\u017enju, svjestan osjetljive prirode ovog podru\u010dja.<\/p>\n\n\n\n<p><strong>Kori\u0161tenje osobnih podataka<\/strong><\/p>\n\n\n\n<p>Za potrebe pru\u017eanja usluga koje nudi, Trgovac prikuplja, vodi, obra\u0111uje i pohranjuje sljede\u0107e korisni\u010dke podatke:<\/p>\n\n\n\n<p>\u2022 ime i prezime;<\/p>\n\n\n\n<p>\u2022 adrese za dostavu;<\/p>\n\n\n\n<p>\u2022 tvrtka ili naziv pravne osobe (ako je korisnik pravna osoba);<\/p>\n\n\n\n<p>\u2022 porezni broj pravne osobe (ako je korisnik pravna osoba);<\/p>\n\n\n\n<p>\u2022 e-mail adresa (korisni\u010dko ime);<\/p>\n\n\n\n<p>\u2022 lozinka u \u0161ifriranom obliku;<\/p>\n\n\n\n<p>\u2022 kontakt telefon;<\/p>\n\n\n\n<p>\u2022 zemlja prebivali\u0161ta;<\/p>\n\n\n\n<p>\u2022 druge podatke koje korisnik dobrovoljno unese u obrasce u internetskoj trgovini;<\/p>\n\n\n\n<p>\u2022 ostale podatke koje korisnik dobrovoljno naknadno unese u svoj profil.<\/p>\n\n\n\n<p>Trgovac ne odgovara za ispravnost, potpunost i a\u017eurnost podataka koje unose korisnici.<\/p>\n\n\n\n<p><strong>Kola\u010di\u0107i i IP adrese<\/strong><\/p>\n\n\n\n<p>Trgovac svakom korisniku na po\u010detku svakog kori\u0161tenja internetske trgovine dodjeljuje kola\u010di\u0107 za identifikaciju, pra\u0107enje ko\u0161arice i osiguranje sljedivosti (tzv. \u201ekola\u010di\u0107\u201c), koji se pohranjuje u memoriju poslu\u017eitelja samo za vrijeme trajanja posjeti internet trgovinu i bri\u0161e se nakon sat vremena neaktivnosti. Trgovac tako\u0111er mo\u017ee pohraniti neke trajne kola\u010di\u0107e na ra\u010dunalo korisnika, kao npr identifikacijski broj korisnika u \u0161ifriranom obliku za identifikaciju prilikom sljede\u0107eg posjeta web trgovini ili ocjenjivanja artikala, uz pomo\u0107 kojeg korisnik zna koje je artikle ve\u0107 ocijenio, a posredno i kola\u010di\u0107e vanjske usluge Google Analytics, koji slu\u017ee za analizu posjeta web stranici. Trgovac mo\u017ee koristiti te podatke u anonimiziranom sumarnom obliku za potrebe statisti\u010dke analize. U svrhu osiguranja internetske sigurnosti, Trgovac prikuplja i IP adrese s kojih korisnici pristupaju internetskoj trgovini.<\/p>\n\n\n\n<p><strong>Izjava o za\u0161titi povjerljivosti osobnih podataka i privatnosti korisnika<\/strong><\/p>\n\n\n\n<p>U skladu s propisima koji ure\u0111uju za\u0161titu osobnih podataka, trgovac je du\u017ean \u0161tititi osobne podatke korisnika svoje internet trgovine. Ni pod kojim uvjetima trgovac ne\u0107e pru\u017eiti osobne ili druge korisni\u010dke podatke tre\u0107oj strani ili ne\u0107e dopustiti tre\u0107oj strani uvid u osobne ili druge podatke korisnika, osim ako to od njega zahtijevaju tijela dr\u017eavne vlasti, ako je takva obveza propisana zakonom, ili u dobroj vjeri da je takvo postupanje potrebno radi postupka pred sudovima ili drugim tijelima dr\u017eavne vlasti te radi za\u0161tite i ostvarivanja pravnim interesima Trgovca. Svi osobni i drugi podaci koje \u0107e korisnik dati prilikom prijave u internetsku trgovinu, kao i prilikom naru\u010divanja proizvoda, uklju\u010duju\u0107i i sadr\u017eaj narud\u017ebe, bit \u0107e za\u0161ti\u0107eni sukladno propisima koji ure\u0111uju za\u0161titu osobnih podataka. Trgovac ne\u0107e koristiti ove podatke u svrhu koja bi na bilo koji na\u010din o\u0161tetila korisnika ili drugu uklju\u010denu osobu. Trgovac ne\u0107e koristiti korisni\u010dke podatke za slanje promotivne e-po\u0161te ili drugog ne\u017eeljenog promotivnog materijala, osim za slanje onih promotivnih obavijesti na koje \u0107e se korisnik pretplatiti ili s kojim \u0107e se on slo\u017eiti. Podatke u anonimiziranom sumarnom obliku trgovac mo\u017ee koristiti za potrebe statisti\u010dke analize. Tajnost osobnih i drugih podataka korisnika ne\u0107e biti povrije\u0111ena ni u kojem obliku. Trgovac \u0107e dostavnim slu\u017ebama (npr. Po\u0161ta Slovenije, DHL, UPS itd.) povjeriti samo potrebne podatke za dostavu proizvoda kupljenih u internetskoj trgovini (podatke o primatelju i adresu za dostavu). Trgovac \u0107e kontaktirati korisnika putem e-maila ukoliko je to potrebno za kupnju u Internet trgovini, a putem kontakt telefona samo ako je postupak registracije u tijeku ili bilo je problema s kupnjom u online trgovini.<\/p>\n\n\n\n<p><strong>Provedba politike privatnosti<\/strong><\/p>\n\n\n\n<p>Sve osobe zaposlene u Trgovcu na puno ili nepuno radno vrijeme koje imaju pristup osobnim i drugim podacima korisnika upoznate su s du\u017eno\u0161\u0107u za\u0161tite osobnih i drugih podataka te su du\u017ene pridr\u017eavati se ovih odredbi o za\u0161titi povjerljivosti osobnih podataka i privatnosti korisnika internetske trgovine. Du\u017enost za\u0161tite osobnih i drugih podataka vrijedi na neodre\u0111eno vrijeme i nakon prestanka odnosa s Trgovcem. Registrirani korisnici mogu prestati koristiti internetsku trgovinu u bilo kojem trenutku i mogu otkazati svoju registraciju. Oni to \u010dine tako da Trgovca obavijeste pisanim putem o poni\u0161tenju svoje registracije. Prije podno\u0161enja izjave o poni\u0161tenju registracije, korisnik je du\u017ean podmiriti sve dospjele obveze prema Trgovcu iz kupnje obavljene u internetskoj trgovini. Trgovac \u0107e u okviru ove politike privatnosti \u010duvati povjerljivost osobnih podataka i privatnost korisnika internetske trgovine i u slu\u010daju otkazivanja registracije.<\/p>\n\n\n\n<p><strong>Dodatna obja\u0161njenja<\/strong><\/p>\n\n\n\n<p>Ako imate pitanja, problema ili komentara u vezi s ovom politikom privatnosti, mo\u017eete nam ih poslati na e-mail adresu: info@pharmazine.si.<\/p>\n","protected":false},"excerpt":{"rendered":"<p>Op\u0107enito Trgovac se obvezuje \u010duvati povjerljivost osobnih podataka i privatnost korisnika internet trgovine. Trgovac \u0107e prikupljene osobne podatke koristiti isklju\u010divo za pru\u017eanje usluga koje nudi. Trgovac po\u0161tuje povjerljivost osobnih podataka i privatnost korisnika internetske trgovine, stoga \u0107e u\u010diniti sve da ih za\u0161titi od bilo kakvih povreda i zlouporaba. Osobni podaci korisnika jedno su od podru\u010dja [&hellip;]<\/p>\n","protected":false},"author":7,"featured_media":3512,"parent":0,"menu_order":0,"comment_status":"closed","ping_status":"open","template":"","meta":{"inline_featured_image":false,"footnotes":""},"class_list":["post-3084","page","type-page","status-publish","has-post-thumbnail","hentry"],"yoast_head":"<!-- This site is optimized with the Yoast SEO plugin v26.1.1 - https:\/\/yoast.com\/wordpress\/plugins\/seo\/ -->\n<title>Pravila privatnosti | Enterozoo<\/title>\n<meta name=\"robots\" content=\"index, follow, max-snippet:-1, max-image-preview:large, max-video-preview:-1\" \/>\n<link rel=\"canonical\" href=\"https:\/\/enterozoo.si\/hr\/pravila-privatnosti\/\" \/>\n<meta property=\"og:locale\" content=\"hr_HR\" \/>\n<meta property=\"og:type\" content=\"article\" \/>\n<meta property=\"og:title\" content=\"Pravila privatnosti | Enterozoo\" \/>\n<meta property=\"og:description\" content=\"Op\u0107enito Trgovac se obvezuje \u010duvati povjerljivost osobnih podataka i privatnost korisnika internet trgovine. Trgovac \u0107e prikupljene osobne podatke koristiti isklju\u010divo za pru\u017eanje usluga koje nudi. Trgovac po\u0161tuje povjerljivost osobnih podataka i privatnost korisnika internetske trgovine, stoga \u0107e u\u010diniti sve da ih za\u0161titi od bilo kakvih povreda i zlouporaba. Osobni podaci korisnika jedno su od podru\u010dja [&hellip;]\" \/>\n<meta property=\"og:url\" content=\"https:\/\/enterozoo.si\/hr\/pravila-privatnosti\/\" \/>\n<meta property=\"og:site_name\" content=\"Enterozoo\" \/>\n<meta property=\"article:publisher\" content=\"https:\/\/www.facebook.com\/EnterozooSlovenija\/\" \/>\n<meta property=\"article:modified_time\" content=\"2023-07-13T06:24:34+00:00\" \/>\n<meta name=\"twitter:card\" content=\"summary_large_image\" \/>\n<meta name=\"twitter:label1\" content=\"Procijenjeno vrijeme \u010ditanja\" \/>\n\t<meta name=\"twitter:data1\" content=\"4 minute\" \/>\n<script type=\"application\/ld+json\" class=\"yoast-schema-graph\">{\"@context\":\"https:\/\/schema.org\",\"@graph\":[{\"@type\":\"WebPage\",\"@id\":\"https:\/\/enterozoo.si\/hr\/pravila-privatnosti\/\",\"url\":\"https:\/\/enterozoo.si\/hr\/pravila-privatnosti\/\",\"name\":\"Pravila privatnosti | Enterozoo\",\"isPartOf\":{\"@id\":\"https:\/\/enterozoo.si\/hr\/#website\"},\"primaryImageOfPage\":{\"@id\":\"https:\/\/enterozoo.si\/hr\/pravila-privatnosti\/#primaryimage\"},\"image\":{\"@id\":\"https:\/\/enterozoo.si\/hr\/pravila-privatnosti\/#primaryimage\"},\"thumbnailUrl\":\"https:\/\/enterozoo.si\/wp-content\/uploads\/2023\/09\/enterozoo_social_logo.png\",\"datePublished\":\"2023-03-21T18:27:02+00:00\",\"dateModified\":\"2023-07-13T06:24:34+00:00\",\"breadcrumb\":{\"@id\":\"https:\/\/enterozoo.si\/hr\/pravila-privatnosti\/#breadcrumb\"},\"inLanguage\":\"hr\",\"potentialAction\":[{\"@type\":\"ReadAction\",\"target\":[\"https:\/\/enterozoo.si\/hr\/pravila-privatnosti\/\"]}]},{\"@type\":\"ImageObject\",\"inLanguage\":\"hr\",\"@id\":\"https:\/\/enterozoo.si\/hr\/pravila-privatnosti\/#primaryimage\",\"url\":\"https:\/\/enterozoo.si\/wp-content\/uploads\/2023\/09\/enterozoo_social_logo.png\",\"contentUrl\":\"https:\/\/enterozoo.si\/wp-content\/uploads\/2023\/09\/enterozoo_social_logo.png\",\"width\":512,\"height\":512},{\"@type\":\"BreadcrumbList\",\"@id\":\"https:\/\/enterozoo.si\/hr\/pravila-privatnosti\/#breadcrumb\",\"itemListElement\":[{\"@type\":\"ListItem\",\"position\":1,\"name\":\"Home\",\"item\":\"https:\/\/enterozoo.si\/hr\/\"},{\"@type\":\"ListItem\",\"position\":2,\"name\":\"Pravila privatnosti\"}]},{\"@type\":\"WebSite\",\"@id\":\"https:\/\/enterozoo.si\/hr\/#website\",\"url\":\"https:\/\/enterozoo.si\/hr\/\",\"name\":\"Enterozoo\",\"description\":\"\",\"publisher\":{\"@id\":\"https:\/\/enterozoo.si\/hr\/#organization\"},\"potentialAction\":[{\"@type\":\"SearchAction\",\"target\":{\"@type\":\"EntryPoint\",\"urlTemplate\":\"https:\/\/enterozoo.si\/hr\/?s={search_term_string}\"},\"query-input\":{\"@type\":\"PropertyValueSpecification\",\"valueRequired\":true,\"valueName\":\"search_term_string\"}}],\"inLanguage\":\"hr\"},{\"@type\":\"Organization\",\"@id\":\"https:\/\/enterozoo.si\/hr\/#organization\",\"name\":\"Enterozoo\",\"alternateName\":\"Enterozoo\",\"url\":\"https:\/\/enterozoo.si\/hr\/\",\"logo\":{\"@type\":\"ImageObject\",\"inLanguage\":\"hr\",\"@id\":\"https:\/\/enterozoo.si\/hr\/#\/schema\/logo\/image\/\",\"url\":\"https:\/\/enterozoo.si\/wp-content\/uploads\/2023\/03\/Group.svg\",\"contentUrl\":\"https:\/\/enterozoo.si\/wp-content\/uploads\/2023\/03\/Group.svg\",\"width\":248,\"height\":100,\"caption\":\"Enterozoo\"},\"image\":{\"@id\":\"https:\/\/enterozoo.si\/hr\/#\/schema\/logo\/image\/\"},\"sameAs\":[\"https:\/\/www.facebook.com\/EnterozooSlovenija\/\"]}]}<\/script>\n<!-- \/ Yoast SEO plugin. -->","yoast_head_json":{"title":"Pravila privatnosti | Enterozoo","robots":{"index":"index","follow":"follow","max-snippet":"max-snippet:-1","max-image-preview":"max-image-preview:large","max-video-preview":"max-video-preview:-1"},"canonical":"https:\/\/enterozoo.si\/hr\/pravila-privatnosti\/","og_locale":"hr_HR","og_type":"article","og_title":"Pravila privatnosti | Enterozoo","og_description":"Op\u0107enito Trgovac se obvezuje \u010duvati povjerljivost osobnih podataka i privatnost korisnika internet trgovine. Trgovac \u0107e prikupljene osobne podatke koristiti isklju\u010divo za pru\u017eanje usluga koje nudi. Trgovac po\u0161tuje povjerljivost osobnih podataka i privatnost korisnika internetske trgovine, stoga \u0107e u\u010diniti sve da ih za\u0161titi od bilo kakvih povreda i zlouporaba. Osobni podaci korisnika jedno su od podru\u010dja [&hellip;]","og_url":"https:\/\/enterozoo.si\/hr\/pravila-privatnosti\/","og_site_name":"Enterozoo","article_publisher":"https:\/\/www.facebook.com\/EnterozooSlovenija\/","article_modified_time":"2023-07-13T06:24:34+00:00","twitter_card":"summary_large_image","twitter_misc":{"Procijenjeno vrijeme \u010ditanja":"4 minute"},"schema":{"@context":"https:\/\/schema.org","@graph":[{"@type":"WebPage","@id":"https:\/\/enterozoo.si\/hr\/pravila-privatnosti\/","url":"https:\/\/enterozoo.si\/hr\/pravila-privatnosti\/","name":"Pravila privatnosti | Enterozoo","isPartOf":{"@id":"https:\/\/enterozoo.si\/hr\/#website"},"primaryImageOfPage":{"@id":"https:\/\/enterozoo.si\/hr\/pravila-privatnosti\/#primaryimage"},"image":{"@id":"https:\/\/enterozoo.si\/hr\/pravila-privatnosti\/#primaryimage"},"thumbnailUrl":"https:\/\/enterozoo.si\/wp-content\/uploads\/2023\/09\/enterozoo_social_logo.png","datePublished":"2023-03-21T18:27:02+00:00","dateModified":"2023-07-13T06:24:34+00:00","breadcrumb":{"@id":"https:\/\/enterozoo.si\/hr\/pravila-privatnosti\/#breadcrumb"},"inLanguage":"hr","potentialAction":[{"@type":"ReadAction","target":["https:\/\/enterozoo.si\/hr\/pravila-privatnosti\/"]}]},{"@type":"ImageObject","inLanguage":"hr","@id":"https:\/\/enterozoo.si\/hr\/pravila-privatnosti\/#primaryimage","url":"https:\/\/enterozoo.si\/wp-content\/uploads\/2023\/09\/enterozoo_social_logo.png","contentUrl":"https:\/\/enterozoo.si\/wp-content\/uploads\/2023\/09\/enterozoo_social_logo.png","width":512,"height":512},{"@type":"BreadcrumbList","@id":"https:\/\/enterozoo.si\/hr\/pravila-privatnosti\/#breadcrumb","itemListElement":[{"@type":"ListItem","position":1,"name":"Home","item":"https:\/\/enterozoo.si\/hr\/"},{"@type":"ListItem","position":2,"name":"Pravila privatnosti"}]},{"@type":"WebSite","@id":"https:\/\/enterozoo.si\/hr\/#website","url":"https:\/\/enterozoo.si\/hr\/","name":"Enterozoo","description":"","publisher":{"@id":"https:\/\/enterozoo.si\/hr\/#organization"},"potentialAction":[{"@type":"SearchAction","target":{"@type":"EntryPoint","urlTemplate":"https:\/\/enterozoo.si\/hr\/?s={search_term_string}"},"query-input":{"@type":"PropertyValueSpecification","valueRequired":true,"valueName":"search_term_string"}}],"inLanguage":"hr"},{"@type":"Organization","@id":"https:\/\/enterozoo.si\/hr\/#organization","name":"Enterozoo","alternateName":"Enterozoo","url":"https:\/\/enterozoo.si\/hr\/","logo":{"@type":"ImageObject","inLanguage":"hr","@id":"https:\/\/enterozoo.si\/hr\/#\/schema\/logo\/image\/","url":"https:\/\/enterozoo.si\/wp-content\/uploads\/2023\/03\/Group.svg","contentUrl":"https:\/\/enterozoo.si\/wp-content\/uploads\/2023\/03\/Group.svg","width":248,"height":100,"caption":"Enterozoo"},"image":{"@id":"https:\/\/enterozoo.si\/hr\/#\/schema\/logo\/image\/"},"sameAs":["https:\/\/www.facebook.com\/EnterozooSlovenija\/"]}]}},"_links":{"self":[{"href":"https:\/\/enterozoo.si\/hr\/wp-json\/wp\/v2\/pages\/3084","targetHints":{"allow":["GET"]}}],"collection":[{"href":"https:\/\/enterozoo.si\/hr\/wp-json\/wp\/v2\/pages"}],"about":[{"href":"https:\/\/enterozoo.si\/hr\/wp-json\/wp\/v2\/types\/page"}],"author":[{"embeddable":true,"href":"https:\/\/enterozoo.si\/hr\/wp-json\/wp\/v2\/users\/7"}],"replies":[{"embeddable":true,"href":"https:\/\/enterozoo.si\/hr\/wp-json\/wp\/v2\/comments?post=3084"}],"version-history":[{"count":3,"href":"https:\/\/enterozoo.si\/hr\/wp-json\/wp\/v2\/pages\/3084\/revisions"}],"predecessor-version":[{"id":3100,"href":"https:\/\/enterozoo.si\/hr\/wp-json\/wp\/v2\/pages\/3084\/revisions\/3100"}],"wp:featuredmedia":[{"embeddable":true,"href":"https:\/\/enterozoo.si\/hr\/wp-json\/wp\/v2\/media\/3512"}],"wp:attachment":[{"href":"https:\/\/enterozoo.si\/hr\/wp-json\/wp\/v2\/media?parent=3084"}],"curies":[{"name":"wp","href":"https:\/\/api.w.org\/{rel}","templated":true}]}}