{"id":2349,"date":"2023-03-21T19:27:02","date_gmt":"2023-03-21T18:27:02","guid":{"rendered":"https:\/\/enterozoo.si\/vstopna-stran\/"},"modified":"2025-10-21T14:35:18","modified_gmt":"2025-10-21T12:35:18","slug":"domaca-stranica","status":"publish","type":"page","link":"https:\/\/enterozoo.si\/hr\/","title":{"rendered":"Doma\u010da stranica"},"content":{"rendered":"","protected":false},"excerpt":{"rendered":"","protected":false},"author":7,"featured_media":3512,"parent":0,"menu_order":0,"comment_status":"closed","ping_status":"closed","template":"","meta":{"inline_featured_image":false,"footnotes":""},"class_list":["post-2349","page","type-page","status-publish","has-post-thumbnail","hentry"],"yoast_head":"<!-- This site is optimized with the Yoast SEO plugin v26.1.1 - https:\/\/yoast.com\/wordpress\/plugins\/seo\/ -->\n<title>Enterozoo | Brzo rje\u0161avanje povra\u0107anja i proljeva va\u0161eg ljubimca.<\/title>\n<meta name=\"description\" content=\"EnteroZOO ubla\u017eava tijek akutnih, kroni\u010dnih i zaraznih proljeva, otrovanja, alergijskih bolesti te pobolj\u0161ava op\u0107i imunitet\" \/>\n<meta name=\"robots\" content=\"index, follow, max-snippet:-1, max-image-preview:large, max-video-preview:-1\" \/>\n<link rel=\"canonical\" href=\"https:\/\/enterozoo.si\/hr\/\" \/>\n<meta property=\"og:locale\" content=\"hr_HR\" \/>\n<meta property=\"og:type\" content=\"article\" \/>\n<meta property=\"og:title\" content=\"Enterozoo | Brzo rje\u0161avanje povra\u0107anja i proljeva va\u0161eg ljubimca.\" \/>\n<meta property=\"og:description\" content=\"EnteroZOO ubla\u017eava tijek akutnih, kroni\u010dnih i zaraznih proljeva, otrovanja, alergijskih bolesti te pobolj\u0161ava op\u0107i imunitet\" \/>\n<meta property=\"og:url\" content=\"https:\/\/enterozoo.si\/hr\/\" \/>\n<meta property=\"og:site_name\" content=\"Enterozoo\" \/>\n<meta property=\"article:publisher\" content=\"https:\/\/www.facebook.com\/EnterozooSlovenija\/\" \/>\n<meta property=\"article:modified_time\" content=\"2025-10-21T12:35:18+00:00\" \/>\n<meta property=\"og:image\" content=\"https:\/\/enterozoo.si\/wp-content\/uploads\/2023\/09\/enterozoo_social_logo.png\" \/>\n\t<meta property=\"og:image:width\" content=\"512\" \/>\n\t<meta property=\"og:image:height\" content=\"512\" \/>\n\t<meta property=\"og:image:type\" content=\"image\/png\" \/>\n<meta name=\"twitter:card\" content=\"summary_large_image\" \/>\n<script type=\"application\/ld+json\" class=\"yoast-schema-graph\">{\"@context\":\"https:\/\/schema.org\",\"@graph\":[{\"@type\":\"WebPage\",\"@id\":\"https:\/\/enterozoo.si\/hr\/\",\"url\":\"https:\/\/enterozoo.si\/hr\/\",\"name\":\"Enterozoo | Brzo rje\u0161avanje povra\u0107anja i proljeva va\u0161eg ljubimca.\",\"isPartOf\":{\"@id\":\"https:\/\/enterozoo.si\/hr\/#website\"},\"primaryImageOfPage\":{\"@id\":\"https:\/\/enterozoo.si\/hr\/#primaryimage\"},\"image\":{\"@id\":\"https:\/\/enterozoo.si\/hr\/#primaryimage\"},\"thumbnailUrl\":\"https:\/\/enterozoo.si\/wp-content\/uploads\/2023\/09\/enterozoo_social_logo.png\",\"datePublished\":\"2023-03-21T18:27:02+00:00\",\"dateModified\":\"2025-10-21T12:35:18+00:00\",\"description\":\"EnteroZOO ubla\u017eava tijek akutnih, kroni\u010dnih i zaraznih proljeva, otrovanja, alergijskih bolesti te pobolj\u0161ava op\u0107i imunitet\",\"breadcrumb\":{\"@id\":\"https:\/\/enterozoo.si\/hr\/#breadcrumb\"},\"inLanguage\":\"hr\",\"potentialAction\":[{\"@type\":\"ReadAction\",\"target\":[\"https:\/\/enterozoo.si\/hr\/\"]}]},{\"@type\":\"ImageObject\",\"inLanguage\":\"hr\",\"@id\":\"https:\/\/enterozoo.si\/hr\/#primaryimage\",\"url\":\"https:\/\/enterozoo.si\/wp-content\/uploads\/2023\/09\/enterozoo_social_logo.png\",\"contentUrl\":\"https:\/\/enterozoo.si\/wp-content\/uploads\/2023\/09\/enterozoo_social_logo.png\",\"width\":512,\"height\":512},{\"@type\":\"BreadcrumbList\",\"@id\":\"https:\/\/enterozoo.si\/hr\/#breadcrumb\",\"itemListElement\":[{\"@type\":\"ListItem\",\"position\":1,\"name\":\"Home\",\"item\":\"https:\/\/enterozoo.si\/hr\/\"},{\"@type\":\"ListItem\",\"position\":2,\"name\":\"Doma\u010da stranica\"}]},{\"@type\":\"WebSite\",\"@id\":\"https:\/\/enterozoo.si\/hr\/#website\",\"url\":\"https:\/\/enterozoo.si\/hr\/\",\"name\":\"Enterozoo\",\"description\":\"\",\"publisher\":{\"@id\":\"https:\/\/enterozoo.si\/hr\/#organization\"},\"potentialAction\":[{\"@type\":\"SearchAction\",\"target\":{\"@type\":\"EntryPoint\",\"urlTemplate\":\"https:\/\/enterozoo.si\/hr\/?s={search_term_string}\"},\"query-input\":{\"@type\":\"PropertyValueSpecification\",\"valueRequired\":true,\"valueName\":\"search_term_string\"}}],\"inLanguage\":\"hr\"},{\"@type\":\"Organization\",\"@id\":\"https:\/\/enterozoo.si\/hr\/#organization\",\"name\":\"Enterozoo\",\"alternateName\":\"Enterozoo\",\"url\":\"https:\/\/enterozoo.si\/hr\/\",\"logo\":{\"@type\":\"ImageObject\",\"inLanguage\":\"hr\",\"@id\":\"https:\/\/enterozoo.si\/hr\/#\/schema\/logo\/image\/\",\"url\":\"https:\/\/enterozoo.si\/wp-content\/uploads\/2023\/03\/Group.svg\",\"contentUrl\":\"https:\/\/enterozoo.si\/wp-content\/uploads\/2023\/03\/Group.svg\",\"width\":248,\"height\":100,\"caption\":\"Enterozoo\"},\"image\":{\"@id\":\"https:\/\/enterozoo.si\/hr\/#\/schema\/logo\/image\/\"},\"sameAs\":[\"https:\/\/www.facebook.com\/EnterozooSlovenija\/\"]}]}<\/script>\n<!-- \/ Yoast SEO plugin. -->","yoast_head_json":{"title":"Enterozoo | Brzo rje\u0161avanje povra\u0107anja i proljeva va\u0161eg ljubimca.","description":"EnteroZOO ubla\u017eava tijek akutnih, kroni\u010dnih i zaraznih proljeva, otrovanja, alergijskih bolesti te pobolj\u0161ava op\u0107i imunitet","robots":{"index":"index","follow":"follow","max-snippet":"max-snippet:-1","max-image-preview":"max-image-preview:large","max-video-preview":"max-video-preview:-1"},"canonical":"https:\/\/enterozoo.si\/hr\/","og_locale":"hr_HR","og_type":"article","og_title":"Enterozoo | Brzo rje\u0161avanje povra\u0107anja i proljeva va\u0161eg ljubimca.","og_description":"EnteroZOO ubla\u017eava tijek akutnih, kroni\u010dnih i zaraznih proljeva, otrovanja, alergijskih bolesti te pobolj\u0161ava op\u0107i imunitet","og_url":"https:\/\/enterozoo.si\/hr\/","og_site_name":"Enterozoo","article_publisher":"https:\/\/www.facebook.com\/EnterozooSlovenija\/","article_modified_time":"2025-10-21T12:35:18+00:00","og_image":[{"width":512,"height":512,"url":"https:\/\/enterozoo.si\/wp-content\/uploads\/2023\/09\/enterozoo_social_logo.png","type":"image\/png"}],"twitter_card":"summary_large_image","schema":{"@context":"https:\/\/schema.org","@graph":[{"@type":"WebPage","@id":"https:\/\/enterozoo.si\/hr\/","url":"https:\/\/enterozoo.si\/hr\/","name":"Enterozoo | Brzo rje\u0161avanje povra\u0107anja i proljeva va\u0161eg ljubimca.","isPartOf":{"@id":"https:\/\/enterozoo.si\/hr\/#website"},"primaryImageOfPage":{"@id":"https:\/\/enterozoo.si\/hr\/#primaryimage"},"image":{"@id":"https:\/\/enterozoo.si\/hr\/#primaryimage"},"thumbnailUrl":"https:\/\/enterozoo.si\/wp-content\/uploads\/2023\/09\/enterozoo_social_logo.png","datePublished":"2023-03-21T18:27:02+00:00","dateModified":"2025-10-21T12:35:18+00:00","description":"EnteroZOO ubla\u017eava tijek akutnih, kroni\u010dnih i zaraznih proljeva, otrovanja, alergijskih bolesti te pobolj\u0161ava op\u0107i imunitet","breadcrumb":{"@id":"https:\/\/enterozoo.si\/hr\/#breadcrumb"},"inLanguage":"hr","potentialAction":[{"@type":"ReadAction","target":["https:\/\/enterozoo.si\/hr\/"]}]},{"@type":"ImageObject","inLanguage":"hr","@id":"https:\/\/enterozoo.si\/hr\/#primaryimage","url":"https:\/\/enterozoo.si\/wp-content\/uploads\/2023\/09\/enterozoo_social_logo.png","contentUrl":"https:\/\/enterozoo.si\/wp-content\/uploads\/2023\/09\/enterozoo_social_logo.png","width":512,"height":512},{"@type":"BreadcrumbList","@id":"https:\/\/enterozoo.si\/hr\/#breadcrumb","itemListElement":[{"@type":"ListItem","position":1,"name":"Home","item":"https:\/\/enterozoo.si\/hr\/"},{"@type":"ListItem","position":2,"name":"Doma\u010da stranica"}]},{"@type":"WebSite","@id":"https:\/\/enterozoo.si\/hr\/#website","url":"https:\/\/enterozoo.si\/hr\/","name":"Enterozoo","description":"","publisher":{"@id":"https:\/\/enterozoo.si\/hr\/#organization"},"potentialAction":[{"@type":"SearchAction","target":{"@type":"EntryPoint","urlTemplate":"https:\/\/enterozoo.si\/hr\/?s={search_term_string}"},"query-input":{"@type":"PropertyValueSpecification","valueRequired":true,"valueName":"search_term_string"}}],"inLanguage":"hr"},{"@type":"Organization","@id":"https:\/\/enterozoo.si\/hr\/#organization","name":"Enterozoo","alternateName":"Enterozoo","url":"https:\/\/enterozoo.si\/hr\/","logo":{"@type":"ImageObject","inLanguage":"hr","@id":"https:\/\/enterozoo.si\/hr\/#\/schema\/logo\/image\/","url":"https:\/\/enterozoo.si\/wp-content\/uploads\/2023\/03\/Group.svg","contentUrl":"https:\/\/enterozoo.si\/wp-content\/uploads\/2023\/03\/Group.svg","width":248,"height":100,"caption":"Enterozoo"},"image":{"@id":"https:\/\/enterozoo.si\/hr\/#\/schema\/logo\/image\/"},"sameAs":["https:\/\/www.facebook.com\/EnterozooSlovenija\/"]}]}},"_links":{"self":[{"href":"https:\/\/enterozoo.si\/hr\/wp-json\/wp\/v2\/pages\/2349","targetHints":{"allow":["GET"]}}],"collection":[{"href":"https:\/\/enterozoo.si\/hr\/wp-json\/wp\/v2\/pages"}],"about":[{"href":"https:\/\/enterozoo.si\/hr\/wp-json\/wp\/v2\/types\/page"}],"author":[{"embeddable":true,"href":"https:\/\/enterozoo.si\/hr\/wp-json\/wp\/v2\/users\/7"}],"replies":[{"embeddable":true,"href":"https:\/\/enterozoo.si\/hr\/wp-json\/wp\/v2\/comments?post=2349"}],"version-history":[{"count":32,"href":"https:\/\/enterozoo.si\/hr\/wp-json\/wp\/v2\/pages\/2349\/revisions"}],"predecessor-version":[{"id":7205,"href":"https:\/\/enterozoo.si\/hr\/wp-json\/wp\/v2\/pages\/2349\/revisions\/7205"}],"wp:featuredmedia":[{"embeddable":true,"href":"https:\/\/enterozoo.si\/hr\/wp-json\/wp\/v2\/media\/3512"}],"wp:attachment":[{"href":"https:\/\/enterozoo.si\/hr\/wp-json\/wp\/v2\/media?parent=2349"}],"curies":[{"name":"wp","href":"https:\/\/api.w.org\/{rel}","templated":true}]}}