{"id":2612,"date":"2023-04-02T19:31:09","date_gmt":"2023-04-02T17:31:09","guid":{"rendered":"https:\/\/enterozoo.si\/izdelek\/enterozoo-v-vreckah-15g\/"},"modified":"2026-04-13T04:16:53","modified_gmt":"2026-04-13T02:16:53","slug":"enterozoo-v-vreckah-15g","status":"publish","type":"product","link":"https:\/\/enterozoo.si\/de\/izdelek\/enterozoo-v-vreckah-15g\/","title":{"rendered":"EnteroZOO Beutel (15x10g)"},"content":{"rendered":"<p>Mischen Sie einfach einen L\u00f6ffel des Produkts in Wasser oder Futter. In problematischen F\u00e4llen wird die Mischung (mithilfe einer plastischen Spritze) direkt in die Mundh\u00f6hle des Tieres dosiert. EnteroZOO wird dreimal t\u00e4glich verabreicht. Allgemeine Dosierung: 1 Teel\u00f6ffel = \u00bd Beutel (5 ml) = 5 g; 1 geh\u00e4ufter Teel\u00f6ffel = 1 Beutel (10 ml) = 10 g, 1 Essl\u00f6ffel = 1 \u00bd Beutel (15 ml) = 15 g<\/p>\n","protected":false},"excerpt":{"rendered":"<p>Die Packung enth\u00e4lt 15x10g Beutel mit einer Haltbarkeitsdauer von jeweils 3 Jahren. Die Beutel sind sehr gut auf die Situationsprobleme unserer Tiere abgestimmt; wie Durchfall, \u00dcbelkeit oder Vergiftungen.<\/p>\n","protected":false},"featured_media":2053,"comment_status":"open","ping_status":"closed","template":"","meta":{"inline_featured_image":false},"product_brand":[],"product_cat":[55],"product_tag":[],"class_list":{"0":"post-2612","1":"product","2":"type-product","3":"status-publish","4":"has-post-thumbnail","6":"product_cat-vrecke-de","8":"first","9":"instock","10":"shipping-taxable","11":"purchasable","12":"product-type-simple"},"yoast_head":"<!-- This site is optimized with the Yoast SEO plugin v26.1.1 - https:\/\/yoast.com\/wordpress\/plugins\/seo\/ -->\n<title>EnteroZOO Beutel (15x10g) | Enterozoo<\/title>\n<meta name=\"robots\" content=\"index, follow, max-snippet:-1, max-image-preview:large, max-video-preview:-1\" \/>\n<link rel=\"canonical\" href=\"https:\/\/enterozoo.si\/de\/izdelek\/enterozoo-v-vreckah-15g\/\" \/>\n<meta property=\"og:locale\" content=\"de_DE\" \/>\n<meta property=\"og:type\" content=\"article\" \/>\n<meta property=\"og:title\" content=\"EnteroZOO Beutel (15x10g) | Enterozoo\" \/>\n<meta property=\"og:description\" content=\"Die Packung enth\u00e4lt 15x10g Beutel mit einer Haltbarkeitsdauer von jeweils 3 Jahren. Die Beutel sind sehr gut auf die Situationsprobleme unserer Tiere abgestimmt; wie Durchfall, \u00dcbelkeit oder Vergiftungen.\" \/>\n<meta property=\"og:url\" content=\"https:\/\/enterozoo.si\/de\/izdelek\/enterozoo-v-vreckah-15g\/\" \/>\n<meta property=\"og:site_name\" content=\"Enterozoo\" \/>\n<meta property=\"article:publisher\" content=\"https:\/\/www.facebook.com\/EnterozooSlovenija\/\" \/>\n<meta property=\"article:modified_time\" content=\"2026-04-13T02:16:53+00:00\" \/>\n<meta property=\"og:image\" content=\"https:\/\/enterozoo.si\/wp-content\/uploads\/2023\/04\/vrecka.png\" \/>\n\t<meta property=\"og:image:width\" content=\"600\" \/>\n\t<meta property=\"og:image:height\" content=\"600\" \/>\n\t<meta property=\"og:image:type\" content=\"image\/png\" \/>\n<meta name=\"twitter:card\" content=\"summary_large_image\" \/>\n<meta name=\"twitter:label1\" content=\"Gesch\u00e4tzte Lesezeit\" \/>\n\t<meta name=\"twitter:data1\" content=\"1\u00a0Minute\" \/>\n<script type=\"application\/ld+json\" class=\"yoast-schema-graph\">{\"@context\":\"https:\/\/schema.org\",\"@graph\":[{\"@type\":\"WebPage\",\"@id\":\"https:\/\/enterozoo.si\/de\/izdelek\/enterozoo-v-vreckah-15g\/\",\"url\":\"https:\/\/enterozoo.si\/de\/izdelek\/enterozoo-v-vreckah-15g\/\",\"name\":\"EnteroZOO Beutel (15x10g) | Enterozoo\",\"isPartOf\":{\"@id\":\"https:\/\/enterozoo.si\/de\/#website\"},\"primaryImageOfPage\":{\"@id\":\"https:\/\/enterozoo.si\/de\/izdelek\/enterozoo-v-vreckah-15g\/#primaryimage\"},\"image\":{\"@id\":\"https:\/\/enterozoo.si\/de\/izdelek\/enterozoo-v-vreckah-15g\/#primaryimage\"},\"thumbnailUrl\":\"https:\/\/enterozoo.si\/wp-content\/uploads\/2023\/04\/vrecka.png\",\"datePublished\":\"2023-04-02T17:31:09+00:00\",\"dateModified\":\"2026-04-13T02:16:53+00:00\",\"breadcrumb\":{\"@id\":\"https:\/\/enterozoo.si\/de\/izdelek\/enterozoo-v-vreckah-15g\/#breadcrumb\"},\"inLanguage\":\"de\",\"potentialAction\":[{\"@type\":\"ReadAction\",\"target\":[\"https:\/\/enterozoo.si\/de\/izdelek\/enterozoo-v-vreckah-15g\/\"]}]},{\"@type\":\"ImageObject\",\"inLanguage\":\"de\",\"@id\":\"https:\/\/enterozoo.si\/de\/izdelek\/enterozoo-v-vreckah-15g\/#primaryimage\",\"url\":\"https:\/\/enterozoo.si\/wp-content\/uploads\/2023\/04\/vrecka.png\",\"contentUrl\":\"https:\/\/enterozoo.si\/wp-content\/uploads\/2023\/04\/vrecka.png\",\"width\":600,\"height\":600},{\"@type\":\"BreadcrumbList\",\"@id\":\"https:\/\/enterozoo.si\/de\/izdelek\/enterozoo-v-vreckah-15g\/#breadcrumb\",\"itemListElement\":[{\"@type\":\"ListItem\",\"position\":1,\"name\":\"Home\",\"item\":\"https:\/\/enterozoo.si\/de\/\"},{\"@type\":\"ListItem\",\"position\":2,\"name\":\"Shop\",\"item\":\"https:\/\/enterozoo.si\/de\/shop\/\"},{\"@type\":\"ListItem\",\"position\":3,\"name\":\"EnteroZOO Beutel (15x10g)\"}]},{\"@type\":\"WebSite\",\"@id\":\"https:\/\/enterozoo.si\/de\/#website\",\"url\":\"https:\/\/enterozoo.si\/de\/\",\"name\":\"Enterozoo\",\"description\":\"\",\"publisher\":{\"@id\":\"https:\/\/enterozoo.si\/de\/#organization\"},\"potentialAction\":[{\"@type\":\"SearchAction\",\"target\":{\"@type\":\"EntryPoint\",\"urlTemplate\":\"https:\/\/enterozoo.si\/de\/?s={search_term_string}\"},\"query-input\":{\"@type\":\"PropertyValueSpecification\",\"valueRequired\":true,\"valueName\":\"search_term_string\"}}],\"inLanguage\":\"de\"},{\"@type\":\"Organization\",\"@id\":\"https:\/\/enterozoo.si\/de\/#organization\",\"name\":\"Enterozoo\",\"alternateName\":\"Enterozoo\",\"url\":\"https:\/\/enterozoo.si\/de\/\",\"logo\":{\"@type\":\"ImageObject\",\"inLanguage\":\"de\",\"@id\":\"https:\/\/enterozoo.si\/de\/#\/schema\/logo\/image\/\",\"url\":\"https:\/\/enterozoo.si\/wp-content\/uploads\/2023\/03\/Group.svg\",\"contentUrl\":\"https:\/\/enterozoo.si\/wp-content\/uploads\/2023\/03\/Group.svg\",\"width\":248,\"height\":100,\"caption\":\"Enterozoo\"},\"image\":{\"@id\":\"https:\/\/enterozoo.si\/de\/#\/schema\/logo\/image\/\"},\"sameAs\":[\"https:\/\/www.facebook.com\/EnterozooSlovenija\/\"]}]}<\/script>\n<!-- \/ Yoast SEO plugin. -->","yoast_head_json":{"title":"EnteroZOO Beutel (15x10g) | Enterozoo","robots":{"index":"index","follow":"follow","max-snippet":"max-snippet:-1","max-image-preview":"max-image-preview:large","max-video-preview":"max-video-preview:-1"},"canonical":"https:\/\/enterozoo.si\/de\/izdelek\/enterozoo-v-vreckah-15g\/","og_locale":"de_DE","og_type":"article","og_title":"EnteroZOO Beutel (15x10g) | Enterozoo","og_description":"Die Packung enth\u00e4lt 15x10g Beutel mit einer Haltbarkeitsdauer von jeweils 3 Jahren. Die Beutel sind sehr gut auf die Situationsprobleme unserer Tiere abgestimmt; wie Durchfall, \u00dcbelkeit oder Vergiftungen.","og_url":"https:\/\/enterozoo.si\/de\/izdelek\/enterozoo-v-vreckah-15g\/","og_site_name":"Enterozoo","article_publisher":"https:\/\/www.facebook.com\/EnterozooSlovenija\/","article_modified_time":"2026-04-13T02:16:53+00:00","og_image":[{"width":600,"height":600,"url":"https:\/\/enterozoo.si\/wp-content\/uploads\/2023\/04\/vrecka.png","type":"image\/png"}],"twitter_card":"summary_large_image","twitter_misc":{"Gesch\u00e4tzte Lesezeit":"1\u00a0Minute"},"schema":{"@context":"https:\/\/schema.org","@graph":[{"@type":"WebPage","@id":"https:\/\/enterozoo.si\/de\/izdelek\/enterozoo-v-vreckah-15g\/","url":"https:\/\/enterozoo.si\/de\/izdelek\/enterozoo-v-vreckah-15g\/","name":"EnteroZOO Beutel (15x10g) | Enterozoo","isPartOf":{"@id":"https:\/\/enterozoo.si\/de\/#website"},"primaryImageOfPage":{"@id":"https:\/\/enterozoo.si\/de\/izdelek\/enterozoo-v-vreckah-15g\/#primaryimage"},"image":{"@id":"https:\/\/enterozoo.si\/de\/izdelek\/enterozoo-v-vreckah-15g\/#primaryimage"},"thumbnailUrl":"https:\/\/enterozoo.si\/wp-content\/uploads\/2023\/04\/vrecka.png","datePublished":"2023-04-02T17:31:09+00:00","dateModified":"2026-04-13T02:16:53+00:00","breadcrumb":{"@id":"https:\/\/enterozoo.si\/de\/izdelek\/enterozoo-v-vreckah-15g\/#breadcrumb"},"inLanguage":"de","potentialAction":[{"@type":"ReadAction","target":["https:\/\/enterozoo.si\/de\/izdelek\/enterozoo-v-vreckah-15g\/"]}]},{"@type":"ImageObject","inLanguage":"de","@id":"https:\/\/enterozoo.si\/de\/izdelek\/enterozoo-v-vreckah-15g\/#primaryimage","url":"https:\/\/enterozoo.si\/wp-content\/uploads\/2023\/04\/vrecka.png","contentUrl":"https:\/\/enterozoo.si\/wp-content\/uploads\/2023\/04\/vrecka.png","width":600,"height":600},{"@type":"BreadcrumbList","@id":"https:\/\/enterozoo.si\/de\/izdelek\/enterozoo-v-vreckah-15g\/#breadcrumb","itemListElement":[{"@type":"ListItem","position":1,"name":"Home","item":"https:\/\/enterozoo.si\/de\/"},{"@type":"ListItem","position":2,"name":"Shop","item":"https:\/\/enterozoo.si\/de\/shop\/"},{"@type":"ListItem","position":3,"name":"EnteroZOO Beutel (15x10g)"}]},{"@type":"WebSite","@id":"https:\/\/enterozoo.si\/de\/#website","url":"https:\/\/enterozoo.si\/de\/","name":"Enterozoo","description":"","publisher":{"@id":"https:\/\/enterozoo.si\/de\/#organization"},"potentialAction":[{"@type":"SearchAction","target":{"@type":"EntryPoint","urlTemplate":"https:\/\/enterozoo.si\/de\/?s={search_term_string}"},"query-input":{"@type":"PropertyValueSpecification","valueRequired":true,"valueName":"search_term_string"}}],"inLanguage":"de"},{"@type":"Organization","@id":"https:\/\/enterozoo.si\/de\/#organization","name":"Enterozoo","alternateName":"Enterozoo","url":"https:\/\/enterozoo.si\/de\/","logo":{"@type":"ImageObject","inLanguage":"de","@id":"https:\/\/enterozoo.si\/de\/#\/schema\/logo\/image\/","url":"https:\/\/enterozoo.si\/wp-content\/uploads\/2023\/03\/Group.svg","contentUrl":"https:\/\/enterozoo.si\/wp-content\/uploads\/2023\/03\/Group.svg","width":248,"height":100,"caption":"Enterozoo"},"image":{"@id":"https:\/\/enterozoo.si\/de\/#\/schema\/logo\/image\/"},"sameAs":["https:\/\/www.facebook.com\/EnterozooSlovenija\/"]}]}},"_links":{"self":[{"href":"https:\/\/enterozoo.si\/de\/wp-json\/wp\/v2\/product\/2612","targetHints":{"allow":["GET"]}}],"collection":[{"href":"https:\/\/enterozoo.si\/de\/wp-json\/wp\/v2\/product"}],"about":[{"href":"https:\/\/enterozoo.si\/de\/wp-json\/wp\/v2\/types\/product"}],"replies":[{"embeddable":true,"href":"https:\/\/enterozoo.si\/de\/wp-json\/wp\/v2\/comments?post=2612"}],"wp:featuredmedia":[{"embeddable":true,"href":"https:\/\/enterozoo.si\/de\/wp-json\/wp\/v2\/media\/2053"}],"wp:attachment":[{"href":"https:\/\/enterozoo.si\/de\/wp-json\/wp\/v2\/media?parent=2612"}],"wp:term":[{"taxonomy":"product_brand","embeddable":true,"href":"https:\/\/enterozoo.si\/de\/wp-json\/wp\/v2\/product_brand?post=2612"},{"taxonomy":"product_cat","embeddable":true,"href":"https:\/\/enterozoo.si\/de\/wp-json\/wp\/v2\/product_cat?post=2612"},{"taxonomy":"product_tag","embeddable":true,"href":"https:\/\/enterozoo.si\/de\/wp-json\/wp\/v2\/product_tag?post=2612"}],"curies":[{"name":"wp","href":"https:\/\/api.w.org\/{rel}","templated":true}]}}