{"id":2355,"date":"2023-03-21T19:27:02","date_gmt":"2023-03-21T18:27:02","guid":{"rendered":"https:\/\/enterozoo.si\/politika-zasebnosti\/"},"modified":"2023-07-17T13:50:22","modified_gmt":"2023-07-17T11:50:22","slug":"datenschutzrichtlinie","status":"publish","type":"page","link":"https:\/\/enterozoo.si\/de\/datenschutzrichtlinie\/","title":{"rendered":"Datenschutzrichtlinie"},"content":{"rendered":"\n<h1 class=\"wp-block-heading\"><\/h1>\n\n\n\n<p><strong>Allgemein<\/strong><\/p>\n\n\n\n<p><br>Der H\u00e4ndler verpflichtet sich, die Vertraulichkeit personenbezogener Daten und die Privatsph\u00e4re der Benutzer des Online-Shops zu sch\u00fctzen. Die gewonnenen personenbezogenen Daten werden vom H\u00e4ndler ausschlie\u00dflich zur Erbringung der angebotenen Dienstleistungen verwendet. Der H\u00e4ndler respektiert die Vertraulichkeit personenbezogener Daten und die Privatsph\u00e4re der Benutzer des Online-Shops und wird alles Notwendige unternehmen, um sie vor jeglichen Versto\u00dfe und Missbr\u00e4uchen zu sch\u00fctzen. Die personenbezogenen Daten der Benutzer sind ein Bereich, dem der H\u00e4ndler besondere Sorgfalt und Aufmerksamkeit widmet, da er sich der sensiblen Natur dieses Bereichs bewusst ist.<\/p>\n\n\n\n<p><strong><br>Nutzung der personenbezogenen Daten<\/strong><\/p>\n\n\n\n<p>Der H\u00e4ndler sammelt, f\u00fchrt, verarbeitet und speichert f\u00fcr die Erbringung der angebotenen Dienstleistungen folgende Benutzerdaten:<\/p>\n\n\n\n<ul class=\"wp-block-list\">\n<li>Vorname und Nachname;<\/li>\n\n\n\n<li>Lieferadressen;<\/li>\n\n\n\n<li>Firmenname oder Name der juristischen Person (falls der Benutzer eine juristische Person ist);<\/li>\n\n\n\n<li>Steuernummer der juristischen Person (falls der Benutzer eine juristische Person ist);<\/li>\n\n\n\n<li>E-Mail-Adresse (Benutzername);<\/li>\n\n\n\n<li>Passwort in verschl\u00fcsselter Form;<\/li>\n\n\n\n<li>Kontaktnummer;<\/li>\n\n\n\n<li>Wohnsitzland;<\/li>\n\n\n\n<li>weitere Daten, die der Benutzer freiwillig in die Formulare des Online-Shops eingibt;<\/li>\n\n\n\n<li>weitere Daten, die der Benutzer nachtr\u00e4glich in seinem Profil hinzuf\u00fcgt.<\/li>\n<\/ul>\n\n\n\n<p><br>Der H\u00e4ndler \u00fcbernimmt keine Verantwortung f\u00fcr die Richtigkeit, Vollst\u00e4ndigkeit und Aktualit\u00e4t der vom Benutzer eingegebenen Daten.<\/p>\n\n\n\n<p><strong><br>Cookies und IP-Adressen<\/strong><\/p>\n\n\n\n<p>Der H\u00e4ndler weist jedem Benutzer zu Beginn jeder Nutzung des Online-Shops einen Cookie zur Identifizierung, \u00dcberwachung des Warenkorbs und zur Nachverfolgbarkeit zu, der nur f\u00fcr die Dauer des Besuchs im Online-Shop im Server-Speicher gespeichert wird und nach einer Stunde Inaktivit\u00e4t gel\u00f6scht wird.&nbsp; Der H\u00e4ndler kann auch einige dauerhafte Cookies auf dem pers\u00f6nlichen Computer des Benutzers speichern, wie z.B. eine verschl\u00fcsselte Benutzerkennungsnummer zur Erkennung des Benutzers bei einem erneuten Besuch des Online-Shops oder Bewertungen von Artikeln, mit denen der Benutzer wei\u00df, welche Artikel er bereits bewertete, sowie Cookies von externen Diensten wie Google Analytics, die der Analyse von Website-Besuchen dienen.&nbsp; Der H\u00e4ndler kann diese Daten in anonymisierter, zusammengefasster Form f\u00fcr statistische Analysen verwenden.&nbsp; Zur Gew\u00e4hrleistung der Online-Sicherheit sammelt der H\u00e4ndler auch die IP-Adressen, \u00fcber die Benutzer auf den Online-Shop zugreifen.<\/p>\n\n\n\n<p><strong><br>Erkl\u00e4rung zum Schutz der Vertraulichkeit personenbezogener Daten und der Privatsph\u00e4re der Benutzer<\/strong><\/p>\n\n\n\n<p>Der H\u00e4ndler verpflichtet sich gem\u00e4\u00df den Vorschriften zum Schutz personenbezogener Daten zum Schutz der personenbezogenen Daten der Benutzer seines Online-Shops.&nbsp; Der H\u00e4ndler wird ohne ausdr\u00fcckliche Zustimmung des Benutzers unter keinen Umst\u00e4nden personenbezogene oder andere Daten des Benutzers an Dritte weitergeben oder es Dritten erm\u00f6glichen, Einsicht in personenbezogene oder andere Daten des Benutzers zu nehmen, es sei denn, dies wird von staatlichen Beh\u00f6rden gefordert, wenn eine solche Verpflichtung durch das Gesetz vorgeschrieben ist oder in gutem Glauben, dass ein solches Handeln f\u00fcr Verfahren vor Gerichten oder anderen staatlichen Beh\u00f6rden sowie zum Schutz und zur Wahrnehmung der rechtm\u00e4\u00dfigen Interessen des H\u00e4ndlers erforderlich ist. Alle personenbezogenen und anderen Daten, die der Benutzer bei der Anmeldung im Online-Shop sowie bei der Bestellung von Produkten, einschlie\u00dflich des Inhalts der Bestellungen, \u00fcbermittelt, werden gem\u00e4\u00df den Bestimmungen zum Schutz personenbezogener Daten gesch\u00fctzt.&nbsp; Der H\u00e4ndler wird diese Daten nicht zu Zwecken verwenden, die dem Benutzer oder anderen beteiligten Personen schaden k\u00f6nnten.<\/p>\n\n\n\n<p><br>&nbsp;Der H\u00e4ndler wird die Daten der Benutzer nicht f\u00fcr den Versand von Werbe-E-Mails oder anderem unerw\u00fcnschten Werbematerial verwenden, es sei denn, es handelt sich um den Versand von Werbebenachrichtigungen, f\u00fcr die sich der Benutzer anmeldete oder mit denen er einverstanden ist.&nbsp; Der H\u00e4ndler kann die Daten in anonymisierter, zusammengefasster Form f\u00fcr statistische Analysen verwenden.&nbsp; Die Vertraulichkeit personenbezogener und anderer Daten der Benutzer wird in keiner Form verletzt.&nbsp; Dem Zustelldienst (z. B. Po\u0161ta Slovenije, DHL, UPS usw.) gibt der H\u00e4ndler nur die erforderlichen Daten f\u00fcr die Lieferung der im Online-Shop gekauften Produkte (Empf\u00e4ngerdaten und Lieferadresse).&nbsp; Der H\u00e4ndler wird per E-Mail mit dem Benutzer Kontakt aufnehmen, wenn dies f\u00fcr den Kauf im Online-Shop erforderlich ist, und nur \u00fcber die angegebene Kontakttelefonnummer, wenn es bei der Registrierung oder beim Kauf im Online-Shop Probleme gibt.<\/p>\n\n\n\n<p><strong><br>Umsetzung der Datenschutzrichtlinie<\/strong><\/p>\n\n\n\n<p>Alle bei dem H\u00e4ndler fest oder gelegentlich angestellten Personen, die Zugang zu personenbezogenen und anderen Benutzerdaten haben, sind \u00fcber ihre Pflicht zum Schutz personenbezogener und anderer Daten informiert und verpflichtet, diese Bestimmungen zum Schutz der Vertraulichkeit personenbezogener Daten und der Privatsph\u00e4re der Benutzer des Online-Shops einzuhalten. Die Pflicht zum Schutz personenbezogener und anderer Daten gilt zeitlich unbegrenzt, auch nach Beendigung des Arbeitsverh\u00e4ltnisses mit dem H\u00e4ndler.&nbsp; Registrierte Benutzer k\u00f6nnen den Online-Shop jederzeit nicht mehr nutzen und ihre Registrierung widerrufen. Dies kann durch eine schriftliche Erkl\u00e4rung an den H\u00e4ndler erfolgen. Vor Abgabe der Widerrufserkl\u00e4rung muss der Benutzer alle noch offenen Verpflichtungen aus den get\u00e4tigten Eink\u00e4ufen im Online-Shop begleichen.&nbsp; Der H\u00e4ndler wird die Vertraulichkeit personenbezogener Daten und die Privatsph\u00e4re der Benutzer des Online-Shops auch nach dem Widerruf der Registrierung gem\u00e4\u00df dieser Datenschutzrichtlinie sch\u00fctzen.<\/p>\n\n\n\n<p><strong><br>Weitere Informationen<\/strong><\/p>\n\n\n\n<p>Wenn Sie Fragen, Schwierigkeiten oder Anmerkungen zu dieser Datenschutzrichtlinie haben, k\u00f6nnen Sie uns dies per E-Mail mitteilen: info@pharmazine.si<\/p>\n","protected":false},"excerpt":{"rendered":"<p>Allgemein Der H\u00e4ndler verpflichtet sich, die Vertraulichkeit personenbezogener Daten und die Privatsph\u00e4re der Benutzer des Online-Shops zu sch\u00fctzen. Die gewonnenen personenbezogenen Daten werden vom H\u00e4ndler ausschlie\u00dflich zur Erbringung der angebotenen Dienstleistungen verwendet. Der H\u00e4ndler respektiert die Vertraulichkeit personenbezogener Daten und die Privatsph\u00e4re der Benutzer des Online-Shops und wird alles Notwendige unternehmen, um sie vor jeglichen [&hellip;]<\/p>\n","protected":false},"author":7,"featured_media":3514,"parent":0,"menu_order":0,"comment_status":"closed","ping_status":"open","template":"","meta":{"inline_featured_image":false,"footnotes":""},"class_list":["post-2355","page","type-page","status-publish","has-post-thumbnail","hentry"],"yoast_head":"<!-- This site is optimized with the Yoast SEO plugin v26.1.1 - https:\/\/yoast.com\/wordpress\/plugins\/seo\/ -->\n<title>Datenschutzrichtlinie | Enterozoo<\/title>\n<meta name=\"robots\" content=\"index, follow, max-snippet:-1, max-image-preview:large, max-video-preview:-1\" \/>\n<link rel=\"canonical\" href=\"https:\/\/enterozoo.si\/de\/datenschutzrichtlinie\/\" \/>\n<meta property=\"og:locale\" content=\"de_DE\" \/>\n<meta property=\"og:type\" content=\"article\" \/>\n<meta property=\"og:title\" content=\"Datenschutzrichtlinie | Enterozoo\" \/>\n<meta property=\"og:description\" content=\"Allgemein Der H\u00e4ndler verpflichtet sich, die Vertraulichkeit personenbezogener Daten und die Privatsph\u00e4re der Benutzer des Online-Shops zu sch\u00fctzen. Die gewonnenen personenbezogenen Daten werden vom H\u00e4ndler ausschlie\u00dflich zur Erbringung der angebotenen Dienstleistungen verwendet. Der H\u00e4ndler respektiert die Vertraulichkeit personenbezogener Daten und die Privatsph\u00e4re der Benutzer des Online-Shops und wird alles Notwendige unternehmen, um sie vor jeglichen [&hellip;]\" \/>\n<meta property=\"og:url\" content=\"https:\/\/enterozoo.si\/de\/datenschutzrichtlinie\/\" \/>\n<meta property=\"og:site_name\" content=\"Enterozoo\" \/>\n<meta property=\"article:publisher\" content=\"https:\/\/www.facebook.com\/EnterozooSlovenija\/\" \/>\n<meta property=\"article:modified_time\" content=\"2023-07-17T11:50:22+00:00\" \/>\n<meta name=\"twitter:card\" content=\"summary_large_image\" \/>\n<meta name=\"twitter:label1\" content=\"Gesch\u00e4tzte Lesezeit\" \/>\n\t<meta name=\"twitter:data1\" content=\"5\u00a0Minuten\" \/>\n<script type=\"application\/ld+json\" class=\"yoast-schema-graph\">{\"@context\":\"https:\/\/schema.org\",\"@graph\":[{\"@type\":\"WebPage\",\"@id\":\"https:\/\/enterozoo.si\/de\/datenschutzrichtlinie\/\",\"url\":\"https:\/\/enterozoo.si\/de\/datenschutzrichtlinie\/\",\"name\":\"Datenschutzrichtlinie | Enterozoo\",\"isPartOf\":{\"@id\":\"https:\/\/enterozoo.si\/de\/#website\"},\"primaryImageOfPage\":{\"@id\":\"https:\/\/enterozoo.si\/de\/datenschutzrichtlinie\/#primaryimage\"},\"image\":{\"@id\":\"https:\/\/enterozoo.si\/de\/datenschutzrichtlinie\/#primaryimage\"},\"thumbnailUrl\":\"https:\/\/enterozoo.si\/wp-content\/uploads\/2023\/09\/enterozoo_social_logo.png\",\"datePublished\":\"2023-03-21T18:27:02+00:00\",\"dateModified\":\"2023-07-17T11:50:22+00:00\",\"breadcrumb\":{\"@id\":\"https:\/\/enterozoo.si\/de\/datenschutzrichtlinie\/#breadcrumb\"},\"inLanguage\":\"de\",\"potentialAction\":[{\"@type\":\"ReadAction\",\"target\":[\"https:\/\/enterozoo.si\/de\/datenschutzrichtlinie\/\"]}]},{\"@type\":\"ImageObject\",\"inLanguage\":\"de\",\"@id\":\"https:\/\/enterozoo.si\/de\/datenschutzrichtlinie\/#primaryimage\",\"url\":\"https:\/\/enterozoo.si\/wp-content\/uploads\/2023\/09\/enterozoo_social_logo.png\",\"contentUrl\":\"https:\/\/enterozoo.si\/wp-content\/uploads\/2023\/09\/enterozoo_social_logo.png\",\"width\":512,\"height\":512},{\"@type\":\"BreadcrumbList\",\"@id\":\"https:\/\/enterozoo.si\/de\/datenschutzrichtlinie\/#breadcrumb\",\"itemListElement\":[{\"@type\":\"ListItem\",\"position\":1,\"name\":\"Home\",\"item\":\"https:\/\/enterozoo.si\/de\/\"},{\"@type\":\"ListItem\",\"position\":2,\"name\":\"Datenschutzrichtlinie\"}]},{\"@type\":\"WebSite\",\"@id\":\"https:\/\/enterozoo.si\/de\/#website\",\"url\":\"https:\/\/enterozoo.si\/de\/\",\"name\":\"Enterozoo\",\"description\":\"\",\"publisher\":{\"@id\":\"https:\/\/enterozoo.si\/de\/#organization\"},\"potentialAction\":[{\"@type\":\"SearchAction\",\"target\":{\"@type\":\"EntryPoint\",\"urlTemplate\":\"https:\/\/enterozoo.si\/de\/?s={search_term_string}\"},\"query-input\":{\"@type\":\"PropertyValueSpecification\",\"valueRequired\":true,\"valueName\":\"search_term_string\"}}],\"inLanguage\":\"de\"},{\"@type\":\"Organization\",\"@id\":\"https:\/\/enterozoo.si\/de\/#organization\",\"name\":\"Enterozoo\",\"alternateName\":\"Enterozoo\",\"url\":\"https:\/\/enterozoo.si\/de\/\",\"logo\":{\"@type\":\"ImageObject\",\"inLanguage\":\"de\",\"@id\":\"https:\/\/enterozoo.si\/de\/#\/schema\/logo\/image\/\",\"url\":\"https:\/\/enterozoo.si\/wp-content\/uploads\/2023\/03\/Group.svg\",\"contentUrl\":\"https:\/\/enterozoo.si\/wp-content\/uploads\/2023\/03\/Group.svg\",\"width\":248,\"height\":100,\"caption\":\"Enterozoo\"},\"image\":{\"@id\":\"https:\/\/enterozoo.si\/de\/#\/schema\/logo\/image\/\"},\"sameAs\":[\"https:\/\/www.facebook.com\/EnterozooSlovenija\/\"]}]}<\/script>\n<!-- \/ Yoast SEO plugin. -->","yoast_head_json":{"title":"Datenschutzrichtlinie | Enterozoo","robots":{"index":"index","follow":"follow","max-snippet":"max-snippet:-1","max-image-preview":"max-image-preview:large","max-video-preview":"max-video-preview:-1"},"canonical":"https:\/\/enterozoo.si\/de\/datenschutzrichtlinie\/","og_locale":"de_DE","og_type":"article","og_title":"Datenschutzrichtlinie | Enterozoo","og_description":"Allgemein Der H\u00e4ndler verpflichtet sich, die Vertraulichkeit personenbezogener Daten und die Privatsph\u00e4re der Benutzer des Online-Shops zu sch\u00fctzen. Die gewonnenen personenbezogenen Daten werden vom H\u00e4ndler ausschlie\u00dflich zur Erbringung der angebotenen Dienstleistungen verwendet. Der H\u00e4ndler respektiert die Vertraulichkeit personenbezogener Daten und die Privatsph\u00e4re der Benutzer des Online-Shops und wird alles Notwendige unternehmen, um sie vor jeglichen [&hellip;]","og_url":"https:\/\/enterozoo.si\/de\/datenschutzrichtlinie\/","og_site_name":"Enterozoo","article_publisher":"https:\/\/www.facebook.com\/EnterozooSlovenija\/","article_modified_time":"2023-07-17T11:50:22+00:00","twitter_card":"summary_large_image","twitter_misc":{"Gesch\u00e4tzte Lesezeit":"5\u00a0Minuten"},"schema":{"@context":"https:\/\/schema.org","@graph":[{"@type":"WebPage","@id":"https:\/\/enterozoo.si\/de\/datenschutzrichtlinie\/","url":"https:\/\/enterozoo.si\/de\/datenschutzrichtlinie\/","name":"Datenschutzrichtlinie | Enterozoo","isPartOf":{"@id":"https:\/\/enterozoo.si\/de\/#website"},"primaryImageOfPage":{"@id":"https:\/\/enterozoo.si\/de\/datenschutzrichtlinie\/#primaryimage"},"image":{"@id":"https:\/\/enterozoo.si\/de\/datenschutzrichtlinie\/#primaryimage"},"thumbnailUrl":"https:\/\/enterozoo.si\/wp-content\/uploads\/2023\/09\/enterozoo_social_logo.png","datePublished":"2023-03-21T18:27:02+00:00","dateModified":"2023-07-17T11:50:22+00:00","breadcrumb":{"@id":"https:\/\/enterozoo.si\/de\/datenschutzrichtlinie\/#breadcrumb"},"inLanguage":"de","potentialAction":[{"@type":"ReadAction","target":["https:\/\/enterozoo.si\/de\/datenschutzrichtlinie\/"]}]},{"@type":"ImageObject","inLanguage":"de","@id":"https:\/\/enterozoo.si\/de\/datenschutzrichtlinie\/#primaryimage","url":"https:\/\/enterozoo.si\/wp-content\/uploads\/2023\/09\/enterozoo_social_logo.png","contentUrl":"https:\/\/enterozoo.si\/wp-content\/uploads\/2023\/09\/enterozoo_social_logo.png","width":512,"height":512},{"@type":"BreadcrumbList","@id":"https:\/\/enterozoo.si\/de\/datenschutzrichtlinie\/#breadcrumb","itemListElement":[{"@type":"ListItem","position":1,"name":"Home","item":"https:\/\/enterozoo.si\/de\/"},{"@type":"ListItem","position":2,"name":"Datenschutzrichtlinie"}]},{"@type":"WebSite","@id":"https:\/\/enterozoo.si\/de\/#website","url":"https:\/\/enterozoo.si\/de\/","name":"Enterozoo","description":"","publisher":{"@id":"https:\/\/enterozoo.si\/de\/#organization"},"potentialAction":[{"@type":"SearchAction","target":{"@type":"EntryPoint","urlTemplate":"https:\/\/enterozoo.si\/de\/?s={search_term_string}"},"query-input":{"@type":"PropertyValueSpecification","valueRequired":true,"valueName":"search_term_string"}}],"inLanguage":"de"},{"@type":"Organization","@id":"https:\/\/enterozoo.si\/de\/#organization","name":"Enterozoo","alternateName":"Enterozoo","url":"https:\/\/enterozoo.si\/de\/","logo":{"@type":"ImageObject","inLanguage":"de","@id":"https:\/\/enterozoo.si\/de\/#\/schema\/logo\/image\/","url":"https:\/\/enterozoo.si\/wp-content\/uploads\/2023\/03\/Group.svg","contentUrl":"https:\/\/enterozoo.si\/wp-content\/uploads\/2023\/03\/Group.svg","width":248,"height":100,"caption":"Enterozoo"},"image":{"@id":"https:\/\/enterozoo.si\/de\/#\/schema\/logo\/image\/"},"sameAs":["https:\/\/www.facebook.com\/EnterozooSlovenija\/"]}]}},"_links":{"self":[{"href":"https:\/\/enterozoo.si\/de\/wp-json\/wp\/v2\/pages\/2355","targetHints":{"allow":["GET"]}}],"collection":[{"href":"https:\/\/enterozoo.si\/de\/wp-json\/wp\/v2\/pages"}],"about":[{"href":"https:\/\/enterozoo.si\/de\/wp-json\/wp\/v2\/types\/page"}],"author":[{"embeddable":true,"href":"https:\/\/enterozoo.si\/de\/wp-json\/wp\/v2\/users\/7"}],"replies":[{"embeddable":true,"href":"https:\/\/enterozoo.si\/de\/wp-json\/wp\/v2\/comments?post=2355"}],"version-history":[{"count":5,"href":"https:\/\/enterozoo.si\/de\/wp-json\/wp\/v2\/pages\/2355\/revisions"}],"predecessor-version":[{"id":3130,"href":"https:\/\/enterozoo.si\/de\/wp-json\/wp\/v2\/pages\/2355\/revisions\/3130"}],"wp:featuredmedia":[{"embeddable":true,"href":"https:\/\/enterozoo.si\/de\/wp-json\/wp\/v2\/media\/3514"}],"wp:attachment":[{"href":"https:\/\/enterozoo.si\/de\/wp-json\/wp\/v2\/media?parent=2355"}],"curies":[{"name":"wp","href":"https:\/\/api.w.org\/{rel}","templated":true}]}}